{"id":12542,"date":"2014-01-29T18:52:04","date_gmt":"2014-01-29T19:52:04","guid":{"rendered":"https:\/\/siteofnature.com\/home\/"},"modified":"2024-11-15T14:18:27","modified_gmt":"2024-11-15T15:18:27","slug":"home","status":"publish","type":"page","link":"https:\/\/siteofnature.com\/pl\/","title":{"rendered":"Home"},"content":{"rendered":"<p>[et_pb_section fb_built=&#8221;1&#8243; _builder_version=&#8221;4.21.0&#8243; _module_preset=&#8221;default&#8221; background_color=&#8221;#FFFFFF&#8221; background_color_gradient_direction=&#8221;215deg&#8221; background_color_gradient_start=&#8221;#ffffff&#8221; positioning=&#8221;none&#8221; position_origin_r=&#8221;top_right&#8221; z_index=&#8221;0&#8243; max_width_tablet=&#8221;&#8221; max_width_phone=&#8221;&#8221; max_width_last_edited=&#8221;on|desktop&#8221; module_alignment=&#8221;center&#8221; height=&#8221;120px&#8221; border_style_all=&#8221;none&#8221; global_module=&#8221;9500&#8243; saved_tabs=&#8221;all&#8221; collapsed=&#8221;off&#8221; global_colors_info=&#8221;{}&#8221;][et_pb_row _builder_version=&#8221;4.21.0&#8243; _module_preset=&#8221;default&#8221; transform_scale=&#8221;112%|112%&#8221; vertical_offset=&#8221;-7px&#8221; width=&#8221;auto&#8221; max_width=&#8221;none&#8221; module_alignment=&#8221;center&#8221; motion_trigger_start=&#8221;top&#8221; collapsed=&#8221;off&#8221; global_colors_info=&#8221;{}&#8221;][et_pb_column type=&#8221;4_4&#8243; _builder_version=&#8221;4.16&#8243; _module_preset=&#8221;default&#8221; global_colors_info=&#8221;{}&#8221;][et_pb_text _builder_version=&#8221;4.21.0&#8243; _module_preset=&#8221;default&#8221; text_font=&#8221;||on||||||&#8221; text_font_size=&#8221;50px&#8221; global_colors_info=&#8221;{}&#8221;]<\/p>\n<p style=\"text-align: center;\">O przyrodzie<\/p>\n<p>[\/et_pb_text][\/et_pb_column][\/et_pb_row][\/et_pb_section][et_pb_section fb_built=&#8221;1&#8243; _builder_version=&#8221;4.21.0&#8243; _module_preset=&#8221;default&#8221; background_color=&#8221;#FFFFFF&#8221; background_color_gradient_start=&#8221;#7a5300&#8243; background_color_gradient_end=&#8221;#9ed6a3&#8243; custom_margin=&#8221;16px|||||&#8221; saved_tabs=&#8221;all&#8221; collapsed=&#8221;off&#8221; global_colors_info=&#8221;{}&#8221;][et_pb_row _builder_version=&#8221;4.16&#8243; _module_preset=&#8221;default&#8221; global_colors_info=&#8221;{}&#8221;][et_pb_column type=&#8221;4_4&#8243; _builder_version=&#8221;4.16&#8243; _module_preset=&#8221;default&#8221; global_colors_info=&#8221;{}&#8221;][et_pb_post_title meta=&#8221;off&#8221; featured_image=&#8221;off&#8221; _builder_version=&#8221;4.22.1&#8243; _module_preset=&#8221;default&#8221; title_text_color=&#8221;#000000&#8243; custom_margin=&#8221;-37px|||||&#8221; global_colors_info=&#8221;{}&#8221;][\/et_pb_post_title][\/et_pb_column][\/et_pb_row][et_pb_row column_structure=&#8221;3_5,2_5&#8243; _builder_version=&#8221;4.21.0&#8243; _module_preset=&#8221;default&#8221; custom_margin=&#8221;-33px|auto||auto||&#8221; custom_padding=&#8221;4px|||||&#8221; collapsed=&#8221;off&#8221; global_colors_info=&#8221;{}&#8221;][et_pb_column type=&#8221;3_5&#8243; _builder_version=&#8221;4.16&#8243; _module_preset=&#8221;default&#8221; global_colors_info=&#8221;{}&#8221;][et_pb_gallery gallery_ids=&#8221;19010,18985,19005,18971,18973,19007,18989,19003,19009,18991,19001,18968,18999,18997,18993,18987,18983,18995,18981,18979,18977,18975&#8243; fullwidth=&#8221;on&#8221; _builder_version=&#8221;4.27.3&#8243; _module_preset=&#8221;default&#8221; pagination_font_size=&#8221;1px&#8221; transform_translate=&#8221;19px|19px&#8221; module_alignment=&#8221;left&#8221; custom_margin=&#8221;0px|0px|0px|0px|false|false&#8221; custom_padding=&#8221;0px|0px|0px|0px|false|false&#8221; auto=&#8221;on&#8221; hover_transition_duration=&#8221;500ms&#8221; motion_trigger_start=&#8221;top&#8221; hover_enabled=&#8221;0&#8243; border_style_all_image=&#8221;none&#8221; locked=&#8221;off&#8221; global_colors_info=&#8221;{}&#8221; sticky_enabled=&#8221;0&#8243;][\/et_pb_gallery][et_pb_text admin_label=&#8221;Text&#8221; _builder_version=&#8221;4.22.1&#8243; _module_preset=&#8221;default&#8221; custom_padding=&#8221;76px|||||&#8221; global_colors_info=&#8221;{}&#8221;]<\/p>\n<h4 style=\"text-align: center;\">Powy\u017cej kilka moich wybranych zdj\u0119\u0107.<\/h4>\n<p>[\/et_pb_text][\/et_pb_column][et_pb_column type=&#8221;2_5&#8243; _builder_version=&#8221;4.16&#8243; _module_preset=&#8221;default&#8221; global_colors_info=&#8221;{}&#8221;][et_pb_text _builder_version=&#8221;4.21.0&#8243; _module_preset=&#8221;default&#8221; text_font=&#8221;||||||||&#8221; text_text_color=&#8221;#000000&#8243; text_font_size=&#8221;18px&#8221; custom_padding=&#8221;11px|||||&#8221; global_colors_info=&#8221;{}&#8221;]<\/p>\n<p><span>  <\/span><\/p>\n<p><span><\/span><\/p>\n<p><span> Je\u015bli kochasz przyrod\u0119 , to na pewno znajdziesz co\u015b dla siebie. Spr\u00f3buj\u0119 pokaza\u0107 Ci otaczaj\u0105c\u0105 przyrod\u0119 jakj\u0105 widz\u0119 sam. Staram si\u0119 u\u017cywa\u0107 moich umiej\u0119tno\u015bci, aby pokaza\u0107 pi\u0119kno otaczaj\u0105ce nas Zdj\u0119cia przyrodnicze maj\u0105 wielu amator\u00f3w Fotografowanie krajobraz\u00f3w, a fotografowanie owad\u00f3w bardzo si\u0119 r\u00f3zni. Bardzo wdzi\u0119czne, ale zarazem trudne jest fotografowanie ptak\u00f3w Aby osi\u0105gn\u0105\u0107 dobre rezultaty potrzebujesz wiedzy i do\u015bwiadczenia.<\/span><br \/><span> Latem <a href=\"https:\/\/en.wikipedia.org\/wiki\/European_bison\" target=\"_blank\" rel=\"noopener\">\u017cubry<\/a> chowaj\u0105 si\u0119 w lasach i mo\u017cna je znale\u017a\u0107 przypadkowo. Zim\u0105 jest zupe\u0142nie inaczej. Zbieraj\u0105 si\u0119 w du\u017ce stada, nawet do 100 osobnik\u00f3w, udaj\u0105c si\u0119 na \u0142\u0105ki i pola. Cz\u0119sto zdarza si\u0119, \u017ce stado przebywa w jednym miejscu przez kilka, a nawet kilkana\u015bcie dni. Mo\u017cna wtedy okre\u015bli\u0107 w przybli\u017ceniu rozs\u0105dn\u0105 odleg\u0142o\u015b\u0107, aby zrobi\u0107 dobre zdj\u0119cia przy sprzyjaj\u0105cej pogodzie.   <\/span><\/p>\n<p>[\/et_pb_text][\/et_pb_column][\/et_pb_row][\/et_pb_section][et_pb_section fb_built=&#8221;1&#8243; fullwidth=&#8221;on&#8221; _builder_version=&#8221;4.21.0&#8243; _module_preset=&#8221;default&#8221; background_color=&#8221;#FFFFFF&#8221; collapsed=&#8221;off&#8221; global_colors_info=&#8221;{}&#8221;][et_pb_fullwidth_post_slider posts_number=&#8221;6&#8243; include_categories=&#8221;all&#8221; show_pagination=&#8221;off&#8221; excerpt_length=&#8221;280&#8243; show_meta=&#8221;off&#8221; use_bg_overlay=&#8221;off&#8221; use_text_overlay=&#8221;off&#8221; arrows_custom_color=&#8221;#FFFFFF&#8221; dot_nav_custom_color=&#8221;#FFFFFF&#8221; admin_label=&#8221;Fullwidth Post Slider&#8221; _builder_version=&#8221;4.22.1&#8243; _module_preset=&#8221;default&#8221; header_level=&#8221;h3&#8243; header_font=&#8221;||||on|||RGBA(255,255,255,0)|&#8221; header_text_align=&#8221;left&#8221; header_text_color=&#8221;#FFFFFF&#8221; header_font_size=&#8221;20px&#8221; body_text_align=&#8221;left&#8221; body_text_color=&#8221;#FFFFFF&#8221; meta_text_color=&#8221;#FFFFFF&#8221; meta_font_size=&#8221;12px&#8221; background_color=&#8221;#e2e2e2&#8243; custom_button=&#8221;on&#8221; button_text_size=&#8221;15px&#8221; button_text_color=&#8221;#FFFFFF&#8221; button_border_width=&#8221;1px&#8221; button_border_color=&#8221;#FFFFFF&#8221; button_border_radius=&#8221;0px&#8221; button_icon_placement=&#8221;left&#8221; button_alignment=&#8221;left&#8221; text_orientation=&#8221;left&#8221; background_layout=&#8221;light&#8221; module_alignment=&#8221;center&#8221; content_width=&#8221;89%&#8221; content_max_width=&#8221;600px&#8221; height=&#8221;215px&#8221; custom_padding=&#8221;4px||4px||false|false&#8221; auto=&#8221;on&#8221; link_option_url_new_window=&#8221;on&#8221; border_color_all=&#8221;#000000&#8243; global_colors_info=&#8221;{}&#8221;][\/et_pb_fullwidth_post_slider][\/et_pb_section]<\/p>\n","protected":false},"excerpt":{"rendered":"<p>O przyrodziePowy\u017cej kilka moich wybranych zdj\u0119\u0107. Je\u015bli kochasz przyrod\u0119 , to na pewno znajdziesz co\u015b dla siebie. Spr\u00f3buj\u0119 pokaza\u0107 Ci otaczaj\u0105c\u0105 przyrod\u0119 jakj\u0105 widz\u0119 sam. Staram si\u0119 u\u017cywa\u0107 moich umiej\u0119tno\u015bci, aby pokaza\u0107 pi\u0119kno otaczaj\u0105ce nas Zdj\u0119cia przyrodnicze maj\u0105 wielu amator\u00f3w Fotografowanie krajobraz\u00f3w, a fotografowanie owad\u00f3w bardzo si\u0119 r\u00f3zni. Bardzo wdzi\u0119czne, ale zarazem trudne jest fotografowanie [&hellip;]<\/p>\n","protected":false},"author":1,"featured_media":0,"parent":0,"menu_order":0,"comment_status":"closed","ping_status":"closed","template":"","meta":{"_et_pb_use_builder":"on","_et_pb_old_content":"","_et_gb_content_width":"","footnotes":""},"class_list":["post-12542","page","type-page","status-publish","hentry"],"yoast_head":"<!-- This site is optimized with the Yoast SEO plugin v27.2 - https:\/\/yoast.com\/product\/yoast-seo-wordpress\/ -->\n<title>Home - Site of nature<\/title>\n<meta name=\"description\" content=\"Witam na mojej skromnej stronie o przyrodzie. Mam nadziej\u0119, \u017ce b\u0119dziesz tu wraca\u0142 od czasu do czasu. Mam nadziej\u0119, \u017ce spodoba ci si\u0119 moja strona\" \/>\n<meta name=\"robots\" content=\"index, follow, max-snippet:-1, max-image-preview:large, max-video-preview:-1\" \/>\n<link rel=\"canonical\" href=\"https:\/\/siteofnature.com\/pl\/\" \/>\n<meta property=\"og:locale\" content=\"pl_PL\" \/>\n<meta property=\"og:type\" content=\"article\" \/>\n<meta property=\"og:title\" content=\"Home - Site of nature\" \/>\n<meta property=\"og:description\" content=\"Witam na mojej skromnej stronie o przyrodzie. Mam nadziej\u0119, \u017ce b\u0119dziesz tu wraca\u0142 od czasu do czasu. Mam nadziej\u0119, \u017ce spodoba ci si\u0119 moja strona\" \/>\n<meta property=\"og:url\" content=\"https:\/\/siteofnature.com\/pl\/\" \/>\n<meta property=\"og:site_name\" content=\"Site of nature\" \/>\n<meta property=\"article:publisher\" content=\"https:\/\/www.facebook.com\/pchmur\" \/>\n<meta property=\"article:modified_time\" content=\"2024-11-15T15:18:27+00:00\" \/>\n<meta name=\"twitter:card\" content=\"summary_large_image\" \/>\n<meta name=\"twitter:label1\" content=\"Szacowany czas czytania\" \/>\n\t<meta name=\"twitter:data1\" content=\"2 minuty\" \/>\n<script type=\"application\/ld+json\" class=\"yoast-schema-graph\">{\"@context\":\"https:\/\/schema.org\",\"@graph\":[{\"@type\":\"WebPage\",\"@id\":\"https:\/\/siteofnature.com\/pl\/\",\"url\":\"https:\/\/siteofnature.com\/pl\/\",\"name\":\"Home - Site of nature\",\"isPartOf\":{\"@id\":\"https:\/\/siteofnature.com\/pl\/en\/#website\"},\"datePublished\":\"2014-01-29T19:52:04+00:00\",\"dateModified\":\"2024-11-15T15:18:27+00:00\",\"description\":\"Witam na mojej skromnej stronie o przyrodzie. Mam nadziej\u0119, \u017ce b\u0119dziesz tu wraca\u0142 od czasu do czasu. Mam nadziej\u0119, \u017ce spodoba ci si\u0119 moja strona\",\"breadcrumb\":{\"@id\":\"https:\/\/siteofnature.com\/pl\/#breadcrumb\"},\"inLanguage\":\"pl-PL\",\"potentialAction\":[{\"@type\":\"ReadAction\",\"target\":[\"https:\/\/siteofnature.com\/pl\/\"]}]},{\"@type\":\"BreadcrumbList\",\"@id\":\"https:\/\/siteofnature.com\/pl\/#breadcrumb\",\"itemListElement\":[{\"@type\":\"ListItem\",\"position\":1,\"name\":\"Home\",\"item\":\"https:\/\/siteofnature.com\/pl\/home\/\"},{\"@type\":\"ListItem\",\"position\":2,\"name\":\"Home\"}]},{\"@type\":\"WebSite\",\"@id\":\"https:\/\/siteofnature.com\/pl\/en\/#website\",\"url\":\"https:\/\/siteofnature.com\/pl\/en\/\",\"name\":\"Site of nature\",\"description\":\"my observations and photos of nature in my area\",\"publisher\":{\"@id\":\"https:\/\/siteofnature.com\/pl\/en\/#\/schema\/person\/5ed3d9d3b6bef0c7d37023966e2c0d66\"},\"alternateName\":\"about nature\",\"potentialAction\":[{\"@type\":\"SearchAction\",\"target\":{\"@type\":\"EntryPoint\",\"urlTemplate\":\"https:\/\/siteofnature.com\/pl\/en\/?s={search_term_string}\"},\"query-input\":{\"@type\":\"PropertyValueSpecification\",\"valueRequired\":true,\"valueName\":\"search_term_string\"}}],\"inLanguage\":\"pl-PL\"},{\"@type\":[\"Person\",\"Organization\"],\"@id\":\"https:\/\/siteofnature.com\/pl\/en\/#\/schema\/person\/5ed3d9d3b6bef0c7d37023966e2c0d66\",\"name\":\"Pawe\u0142 Chmur\",\"image\":{\"@type\":\"ImageObject\",\"inLanguage\":\"pl-PL\",\"@id\":\"https:\/\/siteofnature.com\/wp-content\/uploads\/2021\/01\/1625770_1074626285927938_5128424736839005493_n.jpg\",\"url\":\"https:\/\/siteofnature.com\/wp-content\/uploads\/2021\/01\/1625770_1074626285927938_5128424736839005493_n.jpg\",\"contentUrl\":\"https:\/\/siteofnature.com\/wp-content\/uploads\/2021\/01\/1625770_1074626285927938_5128424736839005493_n.jpg\",\"width\":524,\"height\":524,\"caption\":\"Pawe\u0142 Chmur\"},\"logo\":{\"@id\":\"https:\/\/siteofnature.com\/wp-content\/uploads\/2021\/01\/1625770_1074626285927938_5128424736839005493_n.jpg\"},\"sameAs\":[\"https:\/\/siteofnature.com\",\"https:\/\/www.facebook.com\/pchmur\"]}]}<\/script>\n<!-- \/ Yoast SEO plugin. -->","yoast_head_json":{"title":"Home - Site of nature","description":"Witam na mojej skromnej stronie o przyrodzie. Mam nadziej\u0119, \u017ce b\u0119dziesz tu wraca\u0142 od czasu do czasu. Mam nadziej\u0119, \u017ce spodoba ci si\u0119 moja strona","robots":{"index":"index","follow":"follow","max-snippet":"max-snippet:-1","max-image-preview":"max-image-preview:large","max-video-preview":"max-video-preview:-1"},"canonical":"https:\/\/siteofnature.com\/pl\/","og_locale":"pl_PL","og_type":"article","og_title":"Home - Site of nature","og_description":"Witam na mojej skromnej stronie o przyrodzie. Mam nadziej\u0119, \u017ce b\u0119dziesz tu wraca\u0142 od czasu do czasu. Mam nadziej\u0119, \u017ce spodoba ci si\u0119 moja strona","og_url":"https:\/\/siteofnature.com\/pl\/","og_site_name":"Site of nature","article_publisher":"https:\/\/www.facebook.com\/pchmur","article_modified_time":"2024-11-15T15:18:27+00:00","twitter_card":"summary_large_image","twitter_misc":{"Szacowany czas czytania":"2 minuty"},"schema":{"@context":"https:\/\/schema.org","@graph":[{"@type":"WebPage","@id":"https:\/\/siteofnature.com\/pl\/","url":"https:\/\/siteofnature.com\/pl\/","name":"Home - Site of nature","isPartOf":{"@id":"https:\/\/siteofnature.com\/pl\/en\/#website"},"datePublished":"2014-01-29T19:52:04+00:00","dateModified":"2024-11-15T15:18:27+00:00","description":"Witam na mojej skromnej stronie o przyrodzie. Mam nadziej\u0119, \u017ce b\u0119dziesz tu wraca\u0142 od czasu do czasu. Mam nadziej\u0119, \u017ce spodoba ci si\u0119 moja strona","breadcrumb":{"@id":"https:\/\/siteofnature.com\/pl\/#breadcrumb"},"inLanguage":"pl-PL","potentialAction":[{"@type":"ReadAction","target":["https:\/\/siteofnature.com\/pl\/"]}]},{"@type":"BreadcrumbList","@id":"https:\/\/siteofnature.com\/pl\/#breadcrumb","itemListElement":[{"@type":"ListItem","position":1,"name":"Home","item":"https:\/\/siteofnature.com\/pl\/home\/"},{"@type":"ListItem","position":2,"name":"Home"}]},{"@type":"WebSite","@id":"https:\/\/siteofnature.com\/pl\/en\/#website","url":"https:\/\/siteofnature.com\/pl\/en\/","name":"Site of nature","description":"my observations and photos of nature in my area","publisher":{"@id":"https:\/\/siteofnature.com\/pl\/en\/#\/schema\/person\/5ed3d9d3b6bef0c7d37023966e2c0d66"},"alternateName":"about nature","potentialAction":[{"@type":"SearchAction","target":{"@type":"EntryPoint","urlTemplate":"https:\/\/siteofnature.com\/pl\/en\/?s={search_term_string}"},"query-input":{"@type":"PropertyValueSpecification","valueRequired":true,"valueName":"search_term_string"}}],"inLanguage":"pl-PL"},{"@type":["Person","Organization"],"@id":"https:\/\/siteofnature.com\/pl\/en\/#\/schema\/person\/5ed3d9d3b6bef0c7d37023966e2c0d66","name":"Pawe\u0142 Chmur","image":{"@type":"ImageObject","inLanguage":"pl-PL","@id":"https:\/\/siteofnature.com\/wp-content\/uploads\/2021\/01\/1625770_1074626285927938_5128424736839005493_n.jpg","url":"https:\/\/siteofnature.com\/wp-content\/uploads\/2021\/01\/1625770_1074626285927938_5128424736839005493_n.jpg","contentUrl":"https:\/\/siteofnature.com\/wp-content\/uploads\/2021\/01\/1625770_1074626285927938_5128424736839005493_n.jpg","width":524,"height":524,"caption":"Pawe\u0142 Chmur"},"logo":{"@id":"https:\/\/siteofnature.com\/wp-content\/uploads\/2021\/01\/1625770_1074626285927938_5128424736839005493_n.jpg"},"sameAs":["https:\/\/siteofnature.com","https:\/\/www.facebook.com\/pchmur"]}]}},"_links":{"self":[{"href":"https:\/\/siteofnature.com\/pl\/wp-json\/wp\/v2\/pages\/12542","targetHints":{"allow":["GET"]}}],"collection":[{"href":"https:\/\/siteofnature.com\/pl\/wp-json\/wp\/v2\/pages"}],"about":[{"href":"https:\/\/siteofnature.com\/pl\/wp-json\/wp\/v2\/types\/page"}],"author":[{"embeddable":true,"href":"https:\/\/siteofnature.com\/pl\/wp-json\/wp\/v2\/users\/1"}],"replies":[{"embeddable":true,"href":"https:\/\/siteofnature.com\/pl\/wp-json\/wp\/v2\/comments?post=12542"}],"version-history":[{"count":81,"href":"https:\/\/siteofnature.com\/pl\/wp-json\/wp\/v2\/pages\/12542\/revisions"}],"predecessor-version":[{"id":19030,"href":"https:\/\/siteofnature.com\/pl\/wp-json\/wp\/v2\/pages\/12542\/revisions\/19030"}],"wp:attachment":[{"href":"https:\/\/siteofnature.com\/pl\/wp-json\/wp\/v2\/media?parent=12542"}],"curies":[{"name":"wp","href":"https:\/\/api.w.org\/{rel}","templated":true}]}}