{"id":12547,"date":"2022-02-02T11:23:03","date_gmt":"2022-02-02T12:23:03","guid":{"rendered":"https:\/\/siteofnature.com\/kontakt\/"},"modified":"2023-07-15T15:00:26","modified_gmt":"2023-07-15T16:00:26","slug":"kontakt","status":"publish","type":"page","link":"https:\/\/siteofnature.com\/pl\/kontakt\/","title":{"rendered":"Kontakt"},"content":{"rendered":"<p>[et_pb_section fb_built=&#8221;1&#8243; _builder_version=&#8221;4.21.0&#8243; _module_preset=&#8221;default&#8221; background_color=&#8221;#FFFFFF&#8221; background_color_gradient_direction=&#8221;215deg&#8221; background_color_gradient_start=&#8221;#ffffff&#8221; positioning=&#8221;none&#8221; position_origin_r=&#8221;top_right&#8221; z_index=&#8221;0&#8243; max_width_tablet=&#8221;&#8221; max_width_phone=&#8221;&#8221; max_width_last_edited=&#8221;on|desktop&#8221; module_alignment=&#8221;center&#8221; height=&#8221;160px&#8221; border_style_all=&#8221;none&#8221; global_module=&#8221;9500&#8243; saved_tabs=&#8221;all&#8221; collapsed=&#8221;off&#8221; global_colors_info=&#8221;{}&#8221;][et_pb_row _builder_version=&#8221;4.21.0&#8243; _module_preset=&#8221;default&#8221; transform_scale=&#8221;112%|112%&#8221; vertical_offset=&#8221;-7px&#8221; width=&#8221;auto&#8221; max_width=&#8221;none&#8221; module_alignment=&#8221;center&#8221; motion_trigger_start=&#8221;top&#8221; collapsed=&#8221;off&#8221; global_colors_info=&#8221;{}&#8221;][et_pb_column type=&#8221;4_4&#8243; _builder_version=&#8221;4.16&#8243; _module_preset=&#8221;default&#8221; global_colors_info=&#8221;{}&#8221;][et_pb_post_title meta=&#8221;off&#8221; featured_image=&#8221;off&#8221; _builder_version=&#8221;4.21.0&#8243; _module_preset=&#8221;default&#8221; global_colors_info=&#8221;{}&#8221;][\/et_pb_post_title][\/et_pb_column][\/et_pb_row][\/et_pb_section][et_pb_section fb_built=&#8221;1&#8243; _builder_version=&#8221;4.21.0&#8243; _module_preset=&#8221;default&#8221; background_color=&#8221;#FFFFFF&#8221; hover_enabled=&#8221;0&#8243; global_colors_info=&#8221;{}&#8221; sticky_enabled=&#8221;0&#8243;][et_pb_row _builder_version=&#8221;4.21.0&#8243; _module_preset=&#8221;default&#8221; background_color=&#8221;RGBA(255,255,255,0)&#8221; custom_padding=&#8221;30px|||||&#8221; hover_enabled=&#8221;0&#8243; collapsed=&#8221;off&#8221; global_colors_info=&#8221;{}&#8221; sticky_enabled=&#8221;0&#8243;][et_pb_column type=&#8221;4_4&#8243; _builder_version=&#8221;4.16&#8243; _module_preset=&#8221;default&#8221; global_colors_info=&#8221;{}&#8221;][et_pb_post_title meta=&#8221;off&#8221; featured_image=&#8221;off&#8221; _builder_version=&#8221;4.16&#8243; _module_preset=&#8221;default&#8221; title_font=&#8221;|600|||||||&#8221; title_font_size=&#8221;28px&#8221; background_color=&#8221;RGBA(255,255,255,0)&#8221; global_colors_info=&#8221;{}&#8221;][\/et_pb_post_title][et_pb_contact_form _builder_version=&#8221;4.21.0&#8243; _module_preset=&#8221;default&#8221; _unique_id=&#8221;b423b727-3fe7-47c1-a55e-5c4e7b71e71e&#8221; form_field_background_color=&#8221;#FFFFFF&#8221; form_field_text_color=&#8221;#000000&#8243; form_field_focus_background_color=&#8221;#FFFFFF&#8221; form_field_focus_text_color=&#8221;#000000&#8243; title_font=&#8221;|600|||||||&#8221; captcha_font=&#8221;|600|||||||&#8221; form_field_font=&#8221;|600|||||||&#8221; background_color=&#8221;RGBA(255,255,255,0)&#8221; custom_button=&#8221;on&#8221; button_text_size=&#8221;12px&#8221; button_bg_color=&#8221;#FFFFFF&#8221; button_border_width=&#8221;2px&#8221; button_border_color=&#8221;#000000&#8243; button_border_radius=&#8221;12px&#8221; hover_enabled=&#8221;0&#8243; border_width_all=&#8221;1px&#8221; border_color_all=&#8221;#000000&#8243; box_shadow_style_button=&#8221;preset6&#8243; box_shadow_color_button=&#8221;#af9b03&#8243; global_colors_info=&#8221;{}&#8221; sticky_enabled=&#8221;0&#8243; button_text_color=&#8221;#000000&#8243; button_bg_enable_color=&#8221;on&#8221; box_shadow_blur_button=&#8221;0px&#8221;][et_pb_contact_field field_id=&#8221;Name&#8221; field_title=&#8221;Nazwisko&#8221; _builder_version=&#8221;4.16&#8243; global_colors_info=&#8221;{}&#8221; button_text_size__hover_enabled=&#8221;off&#8221; button_one_text_size__hover_enabled=&#8221;off&#8221; button_two_text_size__hover_enabled=&#8221;off&#8221; button_text_color__hover_enabled=&#8221;off&#8221; button_one_text_color__hover_enabled=&#8221;off&#8221; button_two_text_color__hover_enabled=&#8221;off&#8221; button_border_width__hover_enabled=&#8221;off&#8221; button_one_border_width__hover_enabled=&#8221;off&#8221; button_two_border_width__hover_enabled=&#8221;off&#8221; button_border_color__hover_enabled=&#8221;off&#8221; button_one_border_color__hover_enabled=&#8221;off&#8221; button_two_border_color__hover_enabled=&#8221;off&#8221; button_border_radius__hover_enabled=&#8221;off&#8221; button_one_border_radius__hover_enabled=&#8221;off&#8221; button_two_border_radius__hover_enabled=&#8221;off&#8221; button_letter_spacing__hover_enabled=&#8221;off&#8221; button_one_letter_spacing__hover_enabled=&#8221;off&#8221; button_two_letter_spacing__hover_enabled=&#8221;off&#8221; button_bg_color__hover_enabled=&#8221;off&#8221; button_one_bg_color__hover_enabled=&#8221;off&#8221; button_two_bg_color__hover_enabled=&#8221;off&#8221;][\/et_pb_contact_field][et_pb_contact_field field_id=&#8221;Email&#8221; field_title=&#8221;Email Adres&#8221; field_type=&#8221;email&#8221; _builder_version=&#8221;4.16&#8243; global_colors_info=&#8221;{}&#8221; button_text_size__hover_enabled=&#8221;off&#8221; button_one_text_size__hover_enabled=&#8221;off&#8221; button_two_text_size__hover_enabled=&#8221;off&#8221; button_text_color__hover_enabled=&#8221;off&#8221; button_one_text_color__hover_enabled=&#8221;off&#8221; button_two_text_color__hover_enabled=&#8221;off&#8221; button_border_width__hover_enabled=&#8221;off&#8221; button_one_border_width__hover_enabled=&#8221;off&#8221; button_two_border_width__hover_enabled=&#8221;off&#8221; button_border_color__hover_enabled=&#8221;off&#8221; button_one_border_color__hover_enabled=&#8221;off&#8221; button_two_border_color__hover_enabled=&#8221;off&#8221; button_border_radius__hover_enabled=&#8221;off&#8221; button_one_border_radius__hover_enabled=&#8221;off&#8221; button_two_border_radius__hover_enabled=&#8221;off&#8221; button_letter_spacing__hover_enabled=&#8221;off&#8221; button_one_letter_spacing__hover_enabled=&#8221;off&#8221; button_two_letter_spacing__hover_enabled=&#8221;off&#8221; button_bg_color__hover_enabled=&#8221;off&#8221; button_one_bg_color__hover_enabled=&#8221;off&#8221; button_two_bg_color__hover_enabled=&#8221;off&#8221;][\/et_pb_contact_field][et_pb_contact_field field_id=&#8221;Message&#8221; field_title=&#8221;Wiadomo\u015b\u0107&#8221; field_type=&#8221;text&#8221; fullwidth_field=&#8221;on&#8221; _builder_version=&#8221;4.16&#8243; global_colors_info=&#8221;{}&#8221; button_text_size__hover_enabled=&#8221;off&#8221; button_one_text_size__hover_enabled=&#8221;off&#8221; button_two_text_size__hover_enabled=&#8221;off&#8221; button_text_color__hover_enabled=&#8221;off&#8221; button_one_text_color__hover_enabled=&#8221;off&#8221; button_two_text_color__hover_enabled=&#8221;off&#8221; button_border_width__hover_enabled=&#8221;off&#8221; button_one_border_width__hover_enabled=&#8221;off&#8221; button_two_border_width__hover_enabled=&#8221;off&#8221; button_border_color__hover_enabled=&#8221;off&#8221; button_one_border_color__hover_enabled=&#8221;off&#8221; button_two_border_color__hover_enabled=&#8221;off&#8221; button_border_radius__hover_enabled=&#8221;off&#8221; button_one_border_radius__hover_enabled=&#8221;off&#8221; button_two_border_radius__hover_enabled=&#8221;off&#8221; button_letter_spacing__hover_enabled=&#8221;off&#8221; button_one_letter_spacing__hover_enabled=&#8221;off&#8221; button_two_letter_spacing__hover_enabled=&#8221;off&#8221; button_bg_color__hover_enabled=&#8221;off&#8221; button_one_bg_color__hover_enabled=&#8221;off&#8221; button_two_bg_color__hover_enabled=&#8221;off&#8221;][\/et_pb_contact_field][\/et_pb_contact_form][\/et_pb_column][\/et_pb_row][\/et_pb_section]<\/p>\n","protected":false},"excerpt":{"rendered":"","protected":false},"author":1,"featured_media":0,"parent":0,"menu_order":0,"comment_status":"closed","ping_status":"closed","template":"","meta":{"_et_pb_use_builder":"on","_et_pb_old_content":"","_et_gb_content_width":"","footnotes":""},"class_list":["post-12547","page","type-page","status-publish","hentry"],"yoast_head":"<!-- This site is optimized with the Yoast SEO plugin v27.2 - https:\/\/yoast.com\/product\/yoast-seo-wordpress\/ -->\n<title>Kontakt - Site of nature<\/title>\n<meta name=\"description\" content=\"Je\u015bli chcesz si\u0119 ze mn\u0105 skontaktowa\u0107 lub wyrazi\u0107 swoj\u0105 opini\u0119 lub uzyska\u0107 dodatkowe informacje na temat publikowanych tre\u015bci, wype\u0142nij ten formularz.\" \/>\n<meta name=\"robots\" content=\"index, follow, max-snippet:-1, max-image-preview:large, max-video-preview:-1\" \/>\n<link rel=\"canonical\" href=\"https:\/\/siteofnature.com\/pl\/kontakt\/\" \/>\n<meta property=\"og:locale\" content=\"pl_PL\" \/>\n<meta property=\"og:type\" content=\"article\" \/>\n<meta property=\"og:title\" content=\"Kontakt - Site of nature\" \/>\n<meta property=\"og:description\" content=\"Je\u015bli chcesz si\u0119 ze mn\u0105 skontaktowa\u0107 lub wyrazi\u0107 swoj\u0105 opini\u0119 lub uzyska\u0107 dodatkowe informacje na temat publikowanych tre\u015bci, wype\u0142nij ten formularz.\" \/>\n<meta property=\"og:url\" content=\"https:\/\/siteofnature.com\/pl\/kontakt\/\" \/>\n<meta property=\"og:site_name\" content=\"Site of nature\" \/>\n<meta property=\"article:publisher\" content=\"https:\/\/www.facebook.com\/pchmur\" \/>\n<meta property=\"article:modified_time\" content=\"2023-07-15T16:00:26+00:00\" \/>\n<meta name=\"twitter:card\" content=\"summary_large_image\" \/>\n<meta name=\"twitter:label1\" content=\"Szacowany czas czytania\" \/>\n\t<meta name=\"twitter:data1\" content=\"4 minuty\" \/>\n<script type=\"application\/ld+json\" class=\"yoast-schema-graph\">{\"@context\":\"https:\/\/schema.org\",\"@graph\":[{\"@type\":\"WebPage\",\"@id\":\"https:\/\/siteofnature.com\/pl\/kontakt\/\",\"url\":\"https:\/\/siteofnature.com\/pl\/kontakt\/\",\"name\":\"Kontakt - Site of nature\",\"isPartOf\":{\"@id\":\"https:\/\/siteofnature.com\/pl\/en\/#website\"},\"datePublished\":\"2022-02-02T12:23:03+00:00\",\"dateModified\":\"2023-07-15T16:00:26+00:00\",\"description\":\"Je\u015bli chcesz si\u0119 ze mn\u0105 skontaktowa\u0107 lub wyrazi\u0107 swoj\u0105 opini\u0119 lub uzyska\u0107 dodatkowe informacje na temat publikowanych tre\u015bci, wype\u0142nij ten formularz.\",\"breadcrumb\":{\"@id\":\"https:\/\/siteofnature.com\/pl\/kontakt\/#breadcrumb\"},\"inLanguage\":\"pl-PL\",\"potentialAction\":[{\"@type\":\"ReadAction\",\"target\":[\"https:\/\/siteofnature.com\/pl\/kontakt\/\"]}]},{\"@type\":\"BreadcrumbList\",\"@id\":\"https:\/\/siteofnature.com\/pl\/kontakt\/#breadcrumb\",\"itemListElement\":[{\"@type\":\"ListItem\",\"position\":1,\"name\":\"Home\",\"item\":\"https:\/\/siteofnature.com\/pl\/home\/\"},{\"@type\":\"ListItem\",\"position\":2,\"name\":\"Kontakt\"}]},{\"@type\":\"WebSite\",\"@id\":\"https:\/\/siteofnature.com\/pl\/en\/#website\",\"url\":\"https:\/\/siteofnature.com\/pl\/en\/\",\"name\":\"Site of nature\",\"description\":\"my observations and photos of nature in my area\",\"publisher\":{\"@id\":\"https:\/\/siteofnature.com\/pl\/en\/#\/schema\/person\/5ed3d9d3b6bef0c7d37023966e2c0d66\"},\"alternateName\":\"about nature\",\"potentialAction\":[{\"@type\":\"SearchAction\",\"target\":{\"@type\":\"EntryPoint\",\"urlTemplate\":\"https:\/\/siteofnature.com\/pl\/en\/?s={search_term_string}\"},\"query-input\":{\"@type\":\"PropertyValueSpecification\",\"valueRequired\":true,\"valueName\":\"search_term_string\"}}],\"inLanguage\":\"pl-PL\"},{\"@type\":[\"Person\",\"Organization\"],\"@id\":\"https:\/\/siteofnature.com\/pl\/en\/#\/schema\/person\/5ed3d9d3b6bef0c7d37023966e2c0d66\",\"name\":\"Pawe\u0142 Chmur\",\"image\":{\"@type\":\"ImageObject\",\"inLanguage\":\"pl-PL\",\"@id\":\"https:\/\/siteofnature.com\/wp-content\/uploads\/2021\/01\/1625770_1074626285927938_5128424736839005493_n.jpg\",\"url\":\"https:\/\/siteofnature.com\/wp-content\/uploads\/2021\/01\/1625770_1074626285927938_5128424736839005493_n.jpg\",\"contentUrl\":\"https:\/\/siteofnature.com\/wp-content\/uploads\/2021\/01\/1625770_1074626285927938_5128424736839005493_n.jpg\",\"width\":524,\"height\":524,\"caption\":\"Pawe\u0142 Chmur\"},\"logo\":{\"@id\":\"https:\/\/siteofnature.com\/wp-content\/uploads\/2021\/01\/1625770_1074626285927938_5128424736839005493_n.jpg\"},\"sameAs\":[\"https:\/\/siteofnature.com\",\"https:\/\/www.facebook.com\/pchmur\"]}]}<\/script>\n<!-- \/ Yoast SEO plugin. -->","yoast_head_json":{"title":"Kontakt - Site of nature","description":"Je\u015bli chcesz si\u0119 ze mn\u0105 skontaktowa\u0107 lub wyrazi\u0107 swoj\u0105 opini\u0119 lub uzyska\u0107 dodatkowe informacje na temat publikowanych tre\u015bci, wype\u0142nij ten formularz.","robots":{"index":"index","follow":"follow","max-snippet":"max-snippet:-1","max-image-preview":"max-image-preview:large","max-video-preview":"max-video-preview:-1"},"canonical":"https:\/\/siteofnature.com\/pl\/kontakt\/","og_locale":"pl_PL","og_type":"article","og_title":"Kontakt - Site of nature","og_description":"Je\u015bli chcesz si\u0119 ze mn\u0105 skontaktowa\u0107 lub wyrazi\u0107 swoj\u0105 opini\u0119 lub uzyska\u0107 dodatkowe informacje na temat publikowanych tre\u015bci, wype\u0142nij ten formularz.","og_url":"https:\/\/siteofnature.com\/pl\/kontakt\/","og_site_name":"Site of nature","article_publisher":"https:\/\/www.facebook.com\/pchmur","article_modified_time":"2023-07-15T16:00:26+00:00","twitter_card":"summary_large_image","twitter_misc":{"Szacowany czas czytania":"4 minuty"},"schema":{"@context":"https:\/\/schema.org","@graph":[{"@type":"WebPage","@id":"https:\/\/siteofnature.com\/pl\/kontakt\/","url":"https:\/\/siteofnature.com\/pl\/kontakt\/","name":"Kontakt - Site of nature","isPartOf":{"@id":"https:\/\/siteofnature.com\/pl\/en\/#website"},"datePublished":"2022-02-02T12:23:03+00:00","dateModified":"2023-07-15T16:00:26+00:00","description":"Je\u015bli chcesz si\u0119 ze mn\u0105 skontaktowa\u0107 lub wyrazi\u0107 swoj\u0105 opini\u0119 lub uzyska\u0107 dodatkowe informacje na temat publikowanych tre\u015bci, wype\u0142nij ten formularz.","breadcrumb":{"@id":"https:\/\/siteofnature.com\/pl\/kontakt\/#breadcrumb"},"inLanguage":"pl-PL","potentialAction":[{"@type":"ReadAction","target":["https:\/\/siteofnature.com\/pl\/kontakt\/"]}]},{"@type":"BreadcrumbList","@id":"https:\/\/siteofnature.com\/pl\/kontakt\/#breadcrumb","itemListElement":[{"@type":"ListItem","position":1,"name":"Home","item":"https:\/\/siteofnature.com\/pl\/home\/"},{"@type":"ListItem","position":2,"name":"Kontakt"}]},{"@type":"WebSite","@id":"https:\/\/siteofnature.com\/pl\/en\/#website","url":"https:\/\/siteofnature.com\/pl\/en\/","name":"Site of nature","description":"my observations and photos of nature in my area","publisher":{"@id":"https:\/\/siteofnature.com\/pl\/en\/#\/schema\/person\/5ed3d9d3b6bef0c7d37023966e2c0d66"},"alternateName":"about nature","potentialAction":[{"@type":"SearchAction","target":{"@type":"EntryPoint","urlTemplate":"https:\/\/siteofnature.com\/pl\/en\/?s={search_term_string}"},"query-input":{"@type":"PropertyValueSpecification","valueRequired":true,"valueName":"search_term_string"}}],"inLanguage":"pl-PL"},{"@type":["Person","Organization"],"@id":"https:\/\/siteofnature.com\/pl\/en\/#\/schema\/person\/5ed3d9d3b6bef0c7d37023966e2c0d66","name":"Pawe\u0142 Chmur","image":{"@type":"ImageObject","inLanguage":"pl-PL","@id":"https:\/\/siteofnature.com\/wp-content\/uploads\/2021\/01\/1625770_1074626285927938_5128424736839005493_n.jpg","url":"https:\/\/siteofnature.com\/wp-content\/uploads\/2021\/01\/1625770_1074626285927938_5128424736839005493_n.jpg","contentUrl":"https:\/\/siteofnature.com\/wp-content\/uploads\/2021\/01\/1625770_1074626285927938_5128424736839005493_n.jpg","width":524,"height":524,"caption":"Pawe\u0142 Chmur"},"logo":{"@id":"https:\/\/siteofnature.com\/wp-content\/uploads\/2021\/01\/1625770_1074626285927938_5128424736839005493_n.jpg"},"sameAs":["https:\/\/siteofnature.com","https:\/\/www.facebook.com\/pchmur"]}]}},"_links":{"self":[{"href":"https:\/\/siteofnature.com\/pl\/wp-json\/wp\/v2\/pages\/12547","targetHints":{"allow":["GET"]}}],"collection":[{"href":"https:\/\/siteofnature.com\/pl\/wp-json\/wp\/v2\/pages"}],"about":[{"href":"https:\/\/siteofnature.com\/pl\/wp-json\/wp\/v2\/types\/page"}],"author":[{"embeddable":true,"href":"https:\/\/siteofnature.com\/pl\/wp-json\/wp\/v2\/users\/1"}],"replies":[{"embeddable":true,"href":"https:\/\/siteofnature.com\/pl\/wp-json\/wp\/v2\/comments?post=12547"}],"version-history":[{"count":9,"href":"https:\/\/siteofnature.com\/pl\/wp-json\/wp\/v2\/pages\/12547\/revisions"}],"predecessor-version":[{"id":17138,"href":"https:\/\/siteofnature.com\/pl\/wp-json\/wp\/v2\/pages\/12547\/revisions\/17138"}],"wp:attachment":[{"href":"https:\/\/siteofnature.com\/pl\/wp-json\/wp\/v2\/media?parent=12547"}],"curies":[{"name":"wp","href":"https:\/\/api.w.org\/{rel}","templated":true}]}}