{"id":12564,"date":"2012-03-14T11:09:36","date_gmt":"2012-03-14T12:09:36","guid":{"rendered":"https:\/\/siteofnature.com\/galeria\/"},"modified":"2023-07-16T10:21:21","modified_gmt":"2023-07-16T11:21:21","slug":"galeria","status":"publish","type":"page","link":"https:\/\/siteofnature.com\/pl\/galeria\/","title":{"rendered":"Galeria"},"content":{"rendered":"<p>[et_pb_section fb_built=&#8221;1&#8243; _builder_version=&#8221;4.16&#8243; global_colors_info=&#8221;{}&#8221;][et_pb_row _builder_version=&#8221;4.16&#8243; background_size=&#8221;initial&#8221; background_position=&#8221;top_left&#8221; background_repeat=&#8221;repeat&#8221; global_colors_info=&#8221;{}&#8221;][et_pb_column type=&#8221;4_4&#8243; _builder_version=&#8221;4.16&#8243; custom_padding=&#8221;|||&#8221; global_colors_info=&#8221;{}&#8221; custom_padding__hover=&#8221;|||&#8221;][et_pb_text _builder_version=&#8221;4.21.0&#8243; background_size=&#8221;initial&#8221; background_position=&#8221;top_left&#8221; background_repeat=&#8221;repeat&#8221; hover_enabled=&#8221;0&#8243; global_colors_info=&#8221;{}&#8221; sticky_enabled=&#8221;0&#8243;]<\/p>\n<p><!-- divi:paragraph --> Fotografowanie ptak\u00f3w na wolno\u015bci jest do\u015b\u0107 trudne.. Potrzebny jest d\u0142ugi teleobiektyw, cz\u0119sto nawet dwa, trzy, bez statywu zdj\u0119cia b\u0119d\u0105 si\u0119 zwykle poruszone. Ka\u017cdy gatunek ma swoje w\u0142asne przyzwyczajenia i ulubione miejsca, w kt\u00f3rych mo\u017ce znale\u017a\u0107 po\u017cywienie i wod\u0119. Czasami zdarzaj\u0105 si\u0119 przypadki szcz\u0119\u015bcia, kiedy mo\u017cna zrobi\u0107 dobre zdj\u0119cie z r\u0119ki.   <br \/>        <a href=\"https:\/\/en.wikipedia.org\/wiki\/Macro_photography\">Makrofotografia<\/a> potrzebuje innego sprz\u0119tu, innego obiektywu, niezb\u0119dny jest statyw, bardzo cz\u0119sto lampa b\u0142yskowa bardzo pomaga w uzyskaniu idealnego efektu. Aby fotografowa\u0107 motyle, nale\u017cy r\u00f3wnie\u017c zna\u0107 zwyczaje gatunk\u00f3w. Wczesne letnie poranki s\u0105 bardzo dobre do fotografowania motyli, poniewa\u017c owady przysiadaj\u0105 na ro\u015blinach i cz\u0119sto s\u0105 pokryte kroplami rosy.  <\/p>\n<p><!-- \/divi:paragraph --><\/p>\n<p><!-- divi:paragraph --><\/p>\n<p> My\u015bl\u0119, \u017ce kwiaty s\u0105 ulubionym tematem wielu fotograf\u00f3w. Kiedy zobaczysz bardzo pi\u0119kny kwiat i sfotografujesz go, okazuje si\u0119, \u017ce zdj\u0119cie nie jest tak dobre, jak si\u0119 spodziewa\u0142e\u015b. Aby zrobi\u0107 dobre zdj\u0119cia kwiat\u00f3w i innych ro\u015blin wymagaj\u0105 wielu pr\u00f3b. Krajobraz jest nieruchomy i mo\u017cna pomy\u015ble\u0107, \u017ce to \u0142atwe. Nie ka\u017cdy widok jest interesuj\u0105cy, dlatego by\u0107 mo\u017ce b\u0119dziesz musia\u0142 wybra\u0107 tylko jego cz\u0119\u015b\u0107. Dobrym momentem na fotografowanie krajobraz\u00f3w s\u0105 poranki i zachody s\u0142o\u0144ca, kiedy \u015bwiat\u0142o jest najlepsze, szczeg\u00f3lnie latem, poniewa\u017c w po\u0142udnie \u015bwiat\u0142o jest zbyt ostre, a cienie prawie niewidoczne    <\/p>\n<p><!-- \/divi:paragraph --><\/p>\n<p><!-- divi:paragraph --> <\/p>\n<p><!-- \/divi:paragraph --><\/p>\n<p>[\/et_pb_text][\/et_pb_column][\/et_pb_row][\/et_pb_section]<\/p>\n","protected":false},"excerpt":{"rendered":"<p>Fotografowanie ptak\u00f3w na wolno\u015bci jest do\u015b\u0107 trudne.. Potrzebny jest d\u0142ugi teleobiektyw, cz\u0119sto nawet dwa, trzy, bez statywu zdj\u0119cia b\u0119d\u0105 si\u0119 zwykle poruszone. Ka\u017cdy gatunek ma swoje w\u0142asne przyzwyczajenia i ulubione miejsca, w kt\u00f3rych mo\u017ce znale\u017a\u0107 po\u017cywienie i wod\u0119. Czasami zdarzaj\u0105 si\u0119 przypadki szcz\u0119\u015bcia, kiedy mo\u017cna zrobi\u0107 dobre zdj\u0119cie z r\u0119ki. Makrofotografia potrzebuje innego sprz\u0119tu, innego [&hellip;]<\/p>\n","protected":false},"author":1,"featured_media":11721,"parent":0,"menu_order":3,"comment_status":"open","ping_status":"closed","template":"","meta":{"_et_pb_use_builder":"on","_et_pb_old_content":"","_et_gb_content_width":"","footnotes":""},"class_list":["post-12564","page","type-page","status-publish","has-post-thumbnail","hentry"],"yoast_head":"<!-- This site is optimized with the Yoast SEO plugin v27.2 - https:\/\/yoast.com\/product\/yoast-seo-wordpress\/ -->\n<title>Galeria - Site of nature<\/title>\n<meta name=\"description\" content=\"To jest mija galeria. Oto zdj\u0119cia przyrody: pejza\u017ce, makro, zwierz\u0119ta. Fotografowa\u0142em je w r\u00f3\u017cnych porach roku\" \/>\n<meta name=\"robots\" content=\"index, follow, max-snippet:-1, max-image-preview:large, max-video-preview:-1\" \/>\n<link rel=\"canonical\" href=\"https:\/\/siteofnature.com\/pl\/galeria\/\" \/>\n<meta property=\"og:locale\" content=\"pl_PL\" \/>\n<meta property=\"og:type\" content=\"article\" \/>\n<meta property=\"og:title\" content=\"Galeria - Site of nature\" \/>\n<meta property=\"og:description\" content=\"To jest mija galeria. Oto zdj\u0119cia przyrody: pejza\u017ce, makro, zwierz\u0119ta. Fotografowa\u0142em je w r\u00f3\u017cnych porach roku\" \/>\n<meta property=\"og:url\" content=\"https:\/\/siteofnature.com\/pl\/galeria\/\" \/>\n<meta property=\"og:site_name\" content=\"Site of nature\" \/>\n<meta property=\"article:publisher\" content=\"https:\/\/www.facebook.com\/pchmur\" \/>\n<meta property=\"article:modified_time\" content=\"2023-07-16T11:21:21+00:00\" \/>\n<meta property=\"og:image\" content=\"https:\/\/siteofnature.com\/wp-content\/uploads\/2018\/11\/IMG_4295.jpg\" \/>\n\t<meta property=\"og:image:width\" content=\"2000\" \/>\n\t<meta property=\"og:image:height\" content=\"1338\" \/>\n\t<meta property=\"og:image:type\" content=\"image\/jpeg\" \/>\n<meta name=\"twitter:card\" content=\"summary_large_image\" \/>\n<meta name=\"twitter:label1\" content=\"Szacowany czas czytania\" \/>\n\t<meta name=\"twitter:data1\" content=\"2 minuty\" \/>\n<script type=\"application\/ld+json\" class=\"yoast-schema-graph\">{\"@context\":\"https:\/\/schema.org\",\"@graph\":[{\"@type\":\"WebPage\",\"@id\":\"https:\/\/siteofnature.com\/pl\/galeria\/\",\"url\":\"https:\/\/siteofnature.com\/pl\/galeria\/\",\"name\":\"Galeria - Site of nature\",\"isPartOf\":{\"@id\":\"https:\/\/siteofnature.com\/pl\/en\/#website\"},\"primaryImageOfPage\":{\"@id\":\"https:\/\/siteofnature.com\/pl\/galeria\/#primaryimage\"},\"image\":{\"@id\":\"https:\/\/siteofnature.com\/pl\/galeria\/#primaryimage\"},\"thumbnailUrl\":\"https:\/\/siteofnature.com\/wp-content\/uploads\/2018\/11\/IMG_4295.jpg\",\"datePublished\":\"2012-03-14T12:09:36+00:00\",\"dateModified\":\"2023-07-16T11:21:21+00:00\",\"description\":\"To jest mija galeria. Oto zdj\u0119cia przyrody: pejza\u017ce, makro, zwierz\u0119ta. Fotografowa\u0142em je w r\u00f3\u017cnych porach roku\",\"breadcrumb\":{\"@id\":\"https:\/\/siteofnature.com\/pl\/galeria\/#breadcrumb\"},\"inLanguage\":\"pl-PL\",\"potentialAction\":[{\"@type\":\"ReadAction\",\"target\":[\"https:\/\/siteofnature.com\/pl\/galeria\/\"]}]},{\"@type\":\"ImageObject\",\"inLanguage\":\"pl-PL\",\"@id\":\"https:\/\/siteofnature.com\/pl\/galeria\/#primaryimage\",\"url\":\"https:\/\/siteofnature.com\/wp-content\/uploads\/2018\/11\/IMG_4295.jpg\",\"contentUrl\":\"https:\/\/siteofnature.com\/wp-content\/uploads\/2018\/11\/IMG_4295.jpg\",\"width\":2000,\"height\":1338},{\"@type\":\"BreadcrumbList\",\"@id\":\"https:\/\/siteofnature.com\/pl\/galeria\/#breadcrumb\",\"itemListElement\":[{\"@type\":\"ListItem\",\"position\":1,\"name\":\"Home\",\"item\":\"https:\/\/siteofnature.com\/pl\/home\/\"},{\"@type\":\"ListItem\",\"position\":2,\"name\":\"Galeria\"}]},{\"@type\":\"WebSite\",\"@id\":\"https:\/\/siteofnature.com\/pl\/en\/#website\",\"url\":\"https:\/\/siteofnature.com\/pl\/en\/\",\"name\":\"Site of nature\",\"description\":\"my observations and photos of nature in my area\",\"publisher\":{\"@id\":\"https:\/\/siteofnature.com\/pl\/en\/#\/schema\/person\/5ed3d9d3b6bef0c7d37023966e2c0d66\"},\"alternateName\":\"about nature\",\"potentialAction\":[{\"@type\":\"SearchAction\",\"target\":{\"@type\":\"EntryPoint\",\"urlTemplate\":\"https:\/\/siteofnature.com\/pl\/en\/?s={search_term_string}\"},\"query-input\":{\"@type\":\"PropertyValueSpecification\",\"valueRequired\":true,\"valueName\":\"search_term_string\"}}],\"inLanguage\":\"pl-PL\"},{\"@type\":[\"Person\",\"Organization\"],\"@id\":\"https:\/\/siteofnature.com\/pl\/en\/#\/schema\/person\/5ed3d9d3b6bef0c7d37023966e2c0d66\",\"name\":\"Pawe\u0142 Chmur\",\"image\":{\"@type\":\"ImageObject\",\"inLanguage\":\"pl-PL\",\"@id\":\"https:\/\/siteofnature.com\/wp-content\/uploads\/2021\/01\/1625770_1074626285927938_5128424736839005493_n.jpg\",\"url\":\"https:\/\/siteofnature.com\/wp-content\/uploads\/2021\/01\/1625770_1074626285927938_5128424736839005493_n.jpg\",\"contentUrl\":\"https:\/\/siteofnature.com\/wp-content\/uploads\/2021\/01\/1625770_1074626285927938_5128424736839005493_n.jpg\",\"width\":524,\"height\":524,\"caption\":\"Pawe\u0142 Chmur\"},\"logo\":{\"@id\":\"https:\/\/siteofnature.com\/wp-content\/uploads\/2021\/01\/1625770_1074626285927938_5128424736839005493_n.jpg\"},\"sameAs\":[\"https:\/\/siteofnature.com\",\"https:\/\/www.facebook.com\/pchmur\"]}]}<\/script>\n<!-- \/ Yoast SEO plugin. -->","yoast_head_json":{"title":"Galeria - Site of nature","description":"To jest mija galeria. Oto zdj\u0119cia przyrody: pejza\u017ce, makro, zwierz\u0119ta. Fotografowa\u0142em je w r\u00f3\u017cnych porach roku","robots":{"index":"index","follow":"follow","max-snippet":"max-snippet:-1","max-image-preview":"max-image-preview:large","max-video-preview":"max-video-preview:-1"},"canonical":"https:\/\/siteofnature.com\/pl\/galeria\/","og_locale":"pl_PL","og_type":"article","og_title":"Galeria - Site of nature","og_description":"To jest mija galeria. Oto zdj\u0119cia przyrody: pejza\u017ce, makro, zwierz\u0119ta. Fotografowa\u0142em je w r\u00f3\u017cnych porach roku","og_url":"https:\/\/siteofnature.com\/pl\/galeria\/","og_site_name":"Site of nature","article_publisher":"https:\/\/www.facebook.com\/pchmur","article_modified_time":"2023-07-16T11:21:21+00:00","og_image":[{"width":2000,"height":1338,"url":"https:\/\/siteofnature.com\/wp-content\/uploads\/2018\/11\/IMG_4295.jpg","type":"image\/jpeg"}],"twitter_card":"summary_large_image","twitter_misc":{"Szacowany czas czytania":"2 minuty"},"schema":{"@context":"https:\/\/schema.org","@graph":[{"@type":"WebPage","@id":"https:\/\/siteofnature.com\/pl\/galeria\/","url":"https:\/\/siteofnature.com\/pl\/galeria\/","name":"Galeria - Site of nature","isPartOf":{"@id":"https:\/\/siteofnature.com\/pl\/en\/#website"},"primaryImageOfPage":{"@id":"https:\/\/siteofnature.com\/pl\/galeria\/#primaryimage"},"image":{"@id":"https:\/\/siteofnature.com\/pl\/galeria\/#primaryimage"},"thumbnailUrl":"https:\/\/siteofnature.com\/wp-content\/uploads\/2018\/11\/IMG_4295.jpg","datePublished":"2012-03-14T12:09:36+00:00","dateModified":"2023-07-16T11:21:21+00:00","description":"To jest mija galeria. Oto zdj\u0119cia przyrody: pejza\u017ce, makro, zwierz\u0119ta. Fotografowa\u0142em je w r\u00f3\u017cnych porach roku","breadcrumb":{"@id":"https:\/\/siteofnature.com\/pl\/galeria\/#breadcrumb"},"inLanguage":"pl-PL","potentialAction":[{"@type":"ReadAction","target":["https:\/\/siteofnature.com\/pl\/galeria\/"]}]},{"@type":"ImageObject","inLanguage":"pl-PL","@id":"https:\/\/siteofnature.com\/pl\/galeria\/#primaryimage","url":"https:\/\/siteofnature.com\/wp-content\/uploads\/2018\/11\/IMG_4295.jpg","contentUrl":"https:\/\/siteofnature.com\/wp-content\/uploads\/2018\/11\/IMG_4295.jpg","width":2000,"height":1338},{"@type":"BreadcrumbList","@id":"https:\/\/siteofnature.com\/pl\/galeria\/#breadcrumb","itemListElement":[{"@type":"ListItem","position":1,"name":"Home","item":"https:\/\/siteofnature.com\/pl\/home\/"},{"@type":"ListItem","position":2,"name":"Galeria"}]},{"@type":"WebSite","@id":"https:\/\/siteofnature.com\/pl\/en\/#website","url":"https:\/\/siteofnature.com\/pl\/en\/","name":"Site of nature","description":"my observations and photos of nature in my area","publisher":{"@id":"https:\/\/siteofnature.com\/pl\/en\/#\/schema\/person\/5ed3d9d3b6bef0c7d37023966e2c0d66"},"alternateName":"about nature","potentialAction":[{"@type":"SearchAction","target":{"@type":"EntryPoint","urlTemplate":"https:\/\/siteofnature.com\/pl\/en\/?s={search_term_string}"},"query-input":{"@type":"PropertyValueSpecification","valueRequired":true,"valueName":"search_term_string"}}],"inLanguage":"pl-PL"},{"@type":["Person","Organization"],"@id":"https:\/\/siteofnature.com\/pl\/en\/#\/schema\/person\/5ed3d9d3b6bef0c7d37023966e2c0d66","name":"Pawe\u0142 Chmur","image":{"@type":"ImageObject","inLanguage":"pl-PL","@id":"https:\/\/siteofnature.com\/wp-content\/uploads\/2021\/01\/1625770_1074626285927938_5128424736839005493_n.jpg","url":"https:\/\/siteofnature.com\/wp-content\/uploads\/2021\/01\/1625770_1074626285927938_5128424736839005493_n.jpg","contentUrl":"https:\/\/siteofnature.com\/wp-content\/uploads\/2021\/01\/1625770_1074626285927938_5128424736839005493_n.jpg","width":524,"height":524,"caption":"Pawe\u0142 Chmur"},"logo":{"@id":"https:\/\/siteofnature.com\/wp-content\/uploads\/2021\/01\/1625770_1074626285927938_5128424736839005493_n.jpg"},"sameAs":["https:\/\/siteofnature.com","https:\/\/www.facebook.com\/pchmur"]}]}},"_links":{"self":[{"href":"https:\/\/siteofnature.com\/pl\/wp-json\/wp\/v2\/pages\/12564","targetHints":{"allow":["GET"]}}],"collection":[{"href":"https:\/\/siteofnature.com\/pl\/wp-json\/wp\/v2\/pages"}],"about":[{"href":"https:\/\/siteofnature.com\/pl\/wp-json\/wp\/v2\/types\/page"}],"author":[{"embeddable":true,"href":"https:\/\/siteofnature.com\/pl\/wp-json\/wp\/v2\/users\/1"}],"replies":[{"embeddable":true,"href":"https:\/\/siteofnature.com\/pl\/wp-json\/wp\/v2\/comments?post=12564"}],"version-history":[{"count":24,"href":"https:\/\/siteofnature.com\/pl\/wp-json\/wp\/v2\/pages\/12564\/revisions"}],"predecessor-version":[{"id":17257,"href":"https:\/\/siteofnature.com\/pl\/wp-json\/wp\/v2\/pages\/12564\/revisions\/17257"}],"wp:featuredmedia":[{"embeddable":true,"href":"https:\/\/siteofnature.com\/pl\/wp-json\/wp\/v2\/media\/11721"}],"wp:attachment":[{"href":"https:\/\/siteofnature.com\/pl\/wp-json\/wp\/v2\/media?parent=12564"}],"curies":[{"name":"wp","href":"https:\/\/api.w.org\/{rel}","templated":true}]}}