{"id":12581,"date":"2022-02-02T14:26:59","date_gmt":"2022-02-02T15:26:59","guid":{"rendered":"https:\/\/siteofnature.com\/galeria\/krajobrazy\/"},"modified":"2023-07-16T09:20:25","modified_gmt":"2023-07-16T10:20:25","slug":"krajobrazy","status":"publish","type":"page","link":"https:\/\/siteofnature.com\/pl\/galeria\/krajobrazy\/","title":{"rendered":"Krajobrazy"},"content":{"rendered":"<p>[et_pb_section fb_built=&#8221;1&#8243; _builder_version=&#8221;4.21.0&#8243; _module_preset=&#8221;default&#8221; background_color=&#8221;#FFFFFF&#8221; hover_enabled=&#8221;0&#8243; global_module=&#8221;9500&#8243; saved_tabs=&#8221;all&#8221; collapsed=&#8221;off&#8221; global_colors_info=&#8221;{}&#8221; sticky_enabled=&#8221;0&#8243;][et_pb_row _builder_version=&#8221;4.21.0&#8243; _module_preset=&#8221;default&#8221; transform_scale=&#8221;112%|112%&#8221; vertical_offset=&#8221;-7px&#8221; width=&#8221;auto&#8221; max_width=&#8221;none&#8221; module_alignment=&#8221;center&#8221; motion_trigger_start=&#8221;top&#8221; collapsed=&#8221;off&#8221; global_colors_info=&#8221;{}&#8221;][et_pb_column type=&#8221;4_4&#8243; _builder_version=&#8221;4.16&#8243; _module_preset=&#8221;default&#8221; global_colors_info=&#8221;{}&#8221;][et_pb_text _builder_version=&#8221;4.21.0&#8243; _module_preset=&#8221;default&#8221; text_font=&#8221;||on||||||&#8221; text_font_size=&#8221;65px&#8221; global_colors_info=&#8221;{}&#8221;]<\/p>\n<p style=\"text-align: center;\">O przyrodzie<\/p>\n<p>[\/et_pb_text][\/et_pb_column][\/et_pb_row][\/et_pb_section][et_pb_section fb_built=&#8221;1&#8243; _builder_version=&#8221;4.21.0&#8243; _module_preset=&#8221;default&#8221; background_color=&#8221;#FFFFFF&#8221; hover_enabled=&#8221;0&#8243; global_colors_info=&#8221;{}&#8221; sticky_enabled=&#8221;0&#8243;][et_pb_row column_structure=&#8221;2_5,3_5&#8243; _builder_version=&#8221;4.16&#8243; _module_preset=&#8221;default&#8221; global_colors_info=&#8221;{}&#8221;][et_pb_column type=&#8221;2_5&#8243; _builder_version=&#8221;4.16&#8243; _module_preset=&#8221;default&#8221; global_colors_info=&#8221;{}&#8221;][et_pb_text _builder_version=&#8221;4.16&#8243; _module_preset=&#8221;default&#8221; text_text_color=&#8221;#000000&#8243; text_font_size=&#8221;15px&#8221; global_colors_info=&#8221;{}&#8221;]<\/p>\n<p>&nbsp;<\/p>\n<p> Fotografowanie krajobraz\u00f3w mo\u017ce wydawa\u0107 si\u0119 proste. Jak zrobi\u0107 dobre i ciekawe zdj\u0119cie? Powiniene\u015b wybra\u0107 taki krajobraz. Znajd\u017a miejsce, z kt\u00f3rego zrobisz zdj\u0119cie. Je\u015bli mo\u017cna to ogl\u0105da\u0107 o r\u00f3\u017cnych porach dnia i przy r\u00f3\u017cnym o\u015bwietleniu. Wa\u017cna jest r\u00f3wnie\u017c pora roku. Na przyk\u0142ad mo\u017ce by\u0107 ciekawie jesieni\u0105, ale nie latem.      <br \/> Jakiego sprz\u0119tu b\u0119dziemy u\u017cywa\u0107. Niezb\u0119dny jest statyw, cho\u0107 sam obiekt jest nieruchomy. Wybierz odpowiedni obiektyw i ekspozycj\u0119. Bior\u0105c to wszystko pod uwag\u0119, wynik mo\u017ce by\u0107 dobry, ale nie mo\u017cna by\u0107 pewnym. Czasem zrobienie zdj\u0119cia bez przygotowania mo\u017ce okaza\u0107 si\u0119 strza\u0142em w dziesi\u0105tk\u0119. Nie liczy\u0142bym na to. Kiedy zrobimy du\u017co zdj\u0119\u0107 wykorzystuj\u0105c nasz\u0105 wiedz\u0119 o krajobrazie, wiele z nich b\u0119dzie dobrych.      <\/p>\n<p>[\/et_pb_text][\/et_pb_column][et_pb_column type=&#8221;3_5&#8243; _builder_version=&#8221;4.16&#8243; _module_preset=&#8221;default&#8221; global_colors_info=&#8221;{}&#8221;][et_pb_image src=&#8221;https:\/\/siteofnature.com\/wp-content\/uploads\/2020\/12\/IMG_6982_opt_opt.jpg&#8221; alt=&#8221;za\u015bnie\u017cone pola&#8221; title_text=&#8221;na za\u015bnie\u017conych polach&#8221; _builder_version=&#8221;4.16&#8243; _module_preset=&#8221;default&#8221; width=&#8221;96%&#8221; module_alignment=&#8221;right&#8221; global_colors_info=&#8221;{}&#8221;][\/et_pb_image][\/et_pb_column][\/et_pb_row][et_pb_row _builder_version=&#8221;4.16&#8243; _module_preset=&#8221;default&#8221; global_colors_info=&#8221;{}&#8221;][et_pb_column type=&#8221;4_4&#8243; _builder_version=&#8221;4.16&#8243; _module_preset=&#8221;default&#8221; global_colors_info=&#8221;{}&#8221;][et_pb_image src=&#8221;https:\/\/siteofnature.com\/wp-content\/uploads\/2020\/04\/IMG_6246_opt_opt.jpg&#8221; alt=&#8221;zach\u00f3d s\u0142o\u0144ca&#8221; title_text=&#8221;zach\u00f3d s\u0142o\u0144ca&#8221; _builder_version=&#8221;4.16&#8243; _module_preset=&#8221;default&#8221; global_colors_info=&#8221;{}&#8221;][\/et_pb_image][\/et_pb_column][\/et_pb_row][\/et_pb_section]<\/p>\n","protected":false},"excerpt":{"rendered":"<p>O przyrodzie&nbsp; Fotografowanie krajobraz\u00f3w mo\u017ce wydawa\u0107 si\u0119 proste. Jak zrobi\u0107 dobre i ciekawe zdj\u0119cie? Powiniene\u015b wybra\u0107 taki krajobraz. Znajd\u017a miejsce, z kt\u00f3rego zrobisz zdj\u0119cie. Je\u015bli mo\u017cna to ogl\u0105da\u0107 o r\u00f3\u017cnych porach dnia i przy r\u00f3\u017cnym o\u015bwietleniu. Wa\u017cna jest r\u00f3wnie\u017c pora roku. Na przyk\u0142ad mo\u017ce by\u0107 ciekawie jesieni\u0105, ale nie latem. Jakiego sprz\u0119tu b\u0119dziemy u\u017cywa\u0107. Niezb\u0119dny [&hellip;]<\/p>\n","protected":false},"author":1,"featured_media":0,"parent":12564,"menu_order":0,"comment_status":"closed","ping_status":"closed","template":"","meta":{"_et_pb_use_builder":"on","_et_pb_old_content":"","_et_gb_content_width":"","footnotes":""},"class_list":["post-12581","page","type-page","status-publish","hentry"],"yoast_head":"<!-- This site is optimized with the Yoast SEO plugin v27.2 - https:\/\/yoast.com\/product\/yoast-seo-wordpress\/ -->\n<title>Krajobrazy - Site of nature<\/title>\n<meta name=\"description\" content=\"Fotografowanie krajobraz\u00f3w mo\u017ce wydawa\u0107 si\u0119 proste. Jak zrobi\u0107 dobre i ciekawe zdj\u0119cie. Powiniene\u015b wybra\u0107 taki krajobraz, odpowiednie \u015bwiat\u0142o\" \/>\n<meta name=\"robots\" content=\"index, follow, max-snippet:-1, max-image-preview:large, max-video-preview:-1\" \/>\n<link rel=\"canonical\" href=\"https:\/\/siteofnature.com\/pl\/galeria\/krajobrazy\/\" \/>\n<meta property=\"og:locale\" content=\"pl_PL\" \/>\n<meta property=\"og:type\" content=\"article\" \/>\n<meta property=\"og:title\" content=\"Krajobrazy - Site of nature\" \/>\n<meta property=\"og:description\" content=\"Fotografowanie krajobraz\u00f3w mo\u017ce wydawa\u0107 si\u0119 proste. Jak zrobi\u0107 dobre i ciekawe zdj\u0119cie. Powiniene\u015b wybra\u0107 taki krajobraz, odpowiednie \u015bwiat\u0142o\" \/>\n<meta property=\"og:url\" content=\"https:\/\/siteofnature.com\/pl\/galeria\/krajobrazy\/\" \/>\n<meta property=\"og:site_name\" content=\"Site of nature\" \/>\n<meta property=\"article:publisher\" content=\"https:\/\/www.facebook.com\/pchmur\" \/>\n<meta property=\"article:modified_time\" content=\"2023-07-16T10:20:25+00:00\" \/>\n<meta name=\"twitter:card\" content=\"summary_large_image\" \/>\n<meta name=\"twitter:label1\" content=\"Szacowany czas czytania\" \/>\n\t<meta name=\"twitter:data1\" content=\"2 minuty\" \/>\n<script type=\"application\/ld+json\" class=\"yoast-schema-graph\">{\"@context\":\"https:\/\/schema.org\",\"@graph\":[{\"@type\":\"WebPage\",\"@id\":\"https:\/\/siteofnature.com\/pl\/galeria\/krajobrazy\/\",\"url\":\"https:\/\/siteofnature.com\/pl\/galeria\/krajobrazy\/\",\"name\":\"Krajobrazy - Site of nature\",\"isPartOf\":{\"@id\":\"https:\/\/siteofnature.com\/pl\/en\/#website\"},\"datePublished\":\"2022-02-02T15:26:59+00:00\",\"dateModified\":\"2023-07-16T10:20:25+00:00\",\"description\":\"Fotografowanie krajobraz\u00f3w mo\u017ce wydawa\u0107 si\u0119 proste. Jak zrobi\u0107 dobre i ciekawe zdj\u0119cie. Powiniene\u015b wybra\u0107 taki krajobraz, odpowiednie \u015bwiat\u0142o\",\"breadcrumb\":{\"@id\":\"https:\/\/siteofnature.com\/pl\/galeria\/krajobrazy\/#breadcrumb\"},\"inLanguage\":\"pl-PL\",\"potentialAction\":[{\"@type\":\"ReadAction\",\"target\":[\"https:\/\/siteofnature.com\/pl\/galeria\/krajobrazy\/\"]}]},{\"@type\":\"BreadcrumbList\",\"@id\":\"https:\/\/siteofnature.com\/pl\/galeria\/krajobrazy\/#breadcrumb\",\"itemListElement\":[{\"@type\":\"ListItem\",\"position\":1,\"name\":\"Home\",\"item\":\"https:\/\/siteofnature.com\/pl\/home\/\"},{\"@type\":\"ListItem\",\"position\":2,\"name\":\"Galeria\",\"item\":\"https:\/\/siteofnature.com\/pl\/galeria\/\"},{\"@type\":\"ListItem\",\"position\":3,\"name\":\"Krajobrazy\"}]},{\"@type\":\"WebSite\",\"@id\":\"https:\/\/siteofnature.com\/pl\/en\/#website\",\"url\":\"https:\/\/siteofnature.com\/pl\/en\/\",\"name\":\"Site of nature\",\"description\":\"my observations and photos of nature in my area\",\"publisher\":{\"@id\":\"https:\/\/siteofnature.com\/pl\/en\/#\/schema\/person\/5ed3d9d3b6bef0c7d37023966e2c0d66\"},\"alternateName\":\"about nature\",\"potentialAction\":[{\"@type\":\"SearchAction\",\"target\":{\"@type\":\"EntryPoint\",\"urlTemplate\":\"https:\/\/siteofnature.com\/pl\/en\/?s={search_term_string}\"},\"query-input\":{\"@type\":\"PropertyValueSpecification\",\"valueRequired\":true,\"valueName\":\"search_term_string\"}}],\"inLanguage\":\"pl-PL\"},{\"@type\":[\"Person\",\"Organization\"],\"@id\":\"https:\/\/siteofnature.com\/pl\/en\/#\/schema\/person\/5ed3d9d3b6bef0c7d37023966e2c0d66\",\"name\":\"Pawe\u0142 Chmur\",\"image\":{\"@type\":\"ImageObject\",\"inLanguage\":\"pl-PL\",\"@id\":\"https:\/\/siteofnature.com\/wp-content\/uploads\/2021\/01\/1625770_1074626285927938_5128424736839005493_n.jpg\",\"url\":\"https:\/\/siteofnature.com\/wp-content\/uploads\/2021\/01\/1625770_1074626285927938_5128424736839005493_n.jpg\",\"contentUrl\":\"https:\/\/siteofnature.com\/wp-content\/uploads\/2021\/01\/1625770_1074626285927938_5128424736839005493_n.jpg\",\"width\":524,\"height\":524,\"caption\":\"Pawe\u0142 Chmur\"},\"logo\":{\"@id\":\"https:\/\/siteofnature.com\/wp-content\/uploads\/2021\/01\/1625770_1074626285927938_5128424736839005493_n.jpg\"},\"sameAs\":[\"https:\/\/siteofnature.com\",\"https:\/\/www.facebook.com\/pchmur\"]}]}<\/script>\n<!-- \/ Yoast SEO plugin. -->","yoast_head_json":{"title":"Krajobrazy - Site of nature","description":"Fotografowanie krajobraz\u00f3w mo\u017ce wydawa\u0107 si\u0119 proste. Jak zrobi\u0107 dobre i ciekawe zdj\u0119cie. Powiniene\u015b wybra\u0107 taki krajobraz, odpowiednie \u015bwiat\u0142o","robots":{"index":"index","follow":"follow","max-snippet":"max-snippet:-1","max-image-preview":"max-image-preview:large","max-video-preview":"max-video-preview:-1"},"canonical":"https:\/\/siteofnature.com\/pl\/galeria\/krajobrazy\/","og_locale":"pl_PL","og_type":"article","og_title":"Krajobrazy - Site of nature","og_description":"Fotografowanie krajobraz\u00f3w mo\u017ce wydawa\u0107 si\u0119 proste. Jak zrobi\u0107 dobre i ciekawe zdj\u0119cie. Powiniene\u015b wybra\u0107 taki krajobraz, odpowiednie \u015bwiat\u0142o","og_url":"https:\/\/siteofnature.com\/pl\/galeria\/krajobrazy\/","og_site_name":"Site of nature","article_publisher":"https:\/\/www.facebook.com\/pchmur","article_modified_time":"2023-07-16T10:20:25+00:00","twitter_card":"summary_large_image","twitter_misc":{"Szacowany czas czytania":"2 minuty"},"schema":{"@context":"https:\/\/schema.org","@graph":[{"@type":"WebPage","@id":"https:\/\/siteofnature.com\/pl\/galeria\/krajobrazy\/","url":"https:\/\/siteofnature.com\/pl\/galeria\/krajobrazy\/","name":"Krajobrazy - Site of nature","isPartOf":{"@id":"https:\/\/siteofnature.com\/pl\/en\/#website"},"datePublished":"2022-02-02T15:26:59+00:00","dateModified":"2023-07-16T10:20:25+00:00","description":"Fotografowanie krajobraz\u00f3w mo\u017ce wydawa\u0107 si\u0119 proste. Jak zrobi\u0107 dobre i ciekawe zdj\u0119cie. Powiniene\u015b wybra\u0107 taki krajobraz, odpowiednie \u015bwiat\u0142o","breadcrumb":{"@id":"https:\/\/siteofnature.com\/pl\/galeria\/krajobrazy\/#breadcrumb"},"inLanguage":"pl-PL","potentialAction":[{"@type":"ReadAction","target":["https:\/\/siteofnature.com\/pl\/galeria\/krajobrazy\/"]}]},{"@type":"BreadcrumbList","@id":"https:\/\/siteofnature.com\/pl\/galeria\/krajobrazy\/#breadcrumb","itemListElement":[{"@type":"ListItem","position":1,"name":"Home","item":"https:\/\/siteofnature.com\/pl\/home\/"},{"@type":"ListItem","position":2,"name":"Galeria","item":"https:\/\/siteofnature.com\/pl\/galeria\/"},{"@type":"ListItem","position":3,"name":"Krajobrazy"}]},{"@type":"WebSite","@id":"https:\/\/siteofnature.com\/pl\/en\/#website","url":"https:\/\/siteofnature.com\/pl\/en\/","name":"Site of nature","description":"my observations and photos of nature in my area","publisher":{"@id":"https:\/\/siteofnature.com\/pl\/en\/#\/schema\/person\/5ed3d9d3b6bef0c7d37023966e2c0d66"},"alternateName":"about nature","potentialAction":[{"@type":"SearchAction","target":{"@type":"EntryPoint","urlTemplate":"https:\/\/siteofnature.com\/pl\/en\/?s={search_term_string}"},"query-input":{"@type":"PropertyValueSpecification","valueRequired":true,"valueName":"search_term_string"}}],"inLanguage":"pl-PL"},{"@type":["Person","Organization"],"@id":"https:\/\/siteofnature.com\/pl\/en\/#\/schema\/person\/5ed3d9d3b6bef0c7d37023966e2c0d66","name":"Pawe\u0142 Chmur","image":{"@type":"ImageObject","inLanguage":"pl-PL","@id":"https:\/\/siteofnature.com\/wp-content\/uploads\/2021\/01\/1625770_1074626285927938_5128424736839005493_n.jpg","url":"https:\/\/siteofnature.com\/wp-content\/uploads\/2021\/01\/1625770_1074626285927938_5128424736839005493_n.jpg","contentUrl":"https:\/\/siteofnature.com\/wp-content\/uploads\/2021\/01\/1625770_1074626285927938_5128424736839005493_n.jpg","width":524,"height":524,"caption":"Pawe\u0142 Chmur"},"logo":{"@id":"https:\/\/siteofnature.com\/wp-content\/uploads\/2021\/01\/1625770_1074626285927938_5128424736839005493_n.jpg"},"sameAs":["https:\/\/siteofnature.com","https:\/\/www.facebook.com\/pchmur"]}]}},"_links":{"self":[{"href":"https:\/\/siteofnature.com\/pl\/wp-json\/wp\/v2\/pages\/12581","targetHints":{"allow":["GET"]}}],"collection":[{"href":"https:\/\/siteofnature.com\/pl\/wp-json\/wp\/v2\/pages"}],"about":[{"href":"https:\/\/siteofnature.com\/pl\/wp-json\/wp\/v2\/types\/page"}],"author":[{"embeddable":true,"href":"https:\/\/siteofnature.com\/pl\/wp-json\/wp\/v2\/users\/1"}],"replies":[{"embeddable":true,"href":"https:\/\/siteofnature.com\/pl\/wp-json\/wp\/v2\/comments?post=12581"}],"version-history":[{"count":9,"href":"https:\/\/siteofnature.com\/pl\/wp-json\/wp\/v2\/pages\/12581\/revisions"}],"predecessor-version":[{"id":17183,"href":"https:\/\/siteofnature.com\/pl\/wp-json\/wp\/v2\/pages\/12581\/revisions\/17183"}],"up":[{"embeddable":true,"href":"https:\/\/siteofnature.com\/pl\/wp-json\/wp\/v2\/pages\/12564"}],"wp:attachment":[{"href":"https:\/\/siteofnature.com\/pl\/wp-json\/wp\/v2\/media?parent=12581"}],"curies":[{"name":"wp","href":"https:\/\/api.w.org\/{rel}","templated":true}]}}