{"id":12641,"date":"2012-03-15T13:10:59","date_gmt":"2012-03-15T14:10:59","guid":{"rendered":"https:\/\/siteofnature.com\/galeria\/ptaki\/wykaz-gatunkow-ptakow\/"},"modified":"2023-07-16T09:59:10","modified_gmt":"2023-07-16T10:59:10","slug":"wykaz-gatunkow-ptakow","status":"publish","type":"page","link":"https:\/\/siteofnature.com\/pl\/galeria\/ptaki\/wykaz-gatunkow-ptakow\/","title":{"rendered":"Lista gatunk\u00f3w ptak\u00f3w"},"content":{"rendered":"<p>[et_pb_section fb_built=&#8221;1&#8243; _builder_version=&#8221;4.16&#8243; global_colors_info=&#8221;{}&#8221;][et_pb_row _builder_version=&#8221;4.16&#8243; background_size=&#8221;initial&#8221; background_position=&#8221;top_left&#8221; background_repeat=&#8221;repeat&#8221; global_colors_info=&#8221;{}&#8221;][et_pb_column type=&#8221;4_4&#8243; _builder_version=&#8221;4.16&#8243; custom_padding=&#8221;|||&#8221; global_colors_info=&#8221;{}&#8221; custom_padding__hover=&#8221;|||&#8221;][et_pb_text _builder_version=&#8221;4.21.0&#8243; background_size=&#8221;initial&#8221; background_position=&#8221;top_left&#8221; background_repeat=&#8221;repeat&#8221; hover_enabled=&#8221;0&#8243; global_colors_info=&#8221;{}&#8221; sticky_enabled=&#8221;0&#8243;]<\/p>\n<h2> Lista gatunk\u00f3w ptak\u00f3w z mojej kolekcji zdj\u0119\u0107<\/h2>\n<table id=\"t01\">\n<tbody>\n<tr>\n<th>ID<\/th>\n<th>Nazwa \u0142aci\u0144ska<\/th>\n<th>Nazwa angielska<\/th>\n<th>Nazwa polska<\/th>\n<\/tr>\n<tr>\n<td>1<\/td>\n<td>Sitta europaea<\/td>\n<td>Eurasian Nuthatch<\/td>\n<td>Kowalik<\/td>\n<\/tr>\n<tr>\n<td>2<\/td>\n<td>Cyanistes caeruleus<\/td>\n<td>Blue Tit<\/td>\n<td>Sikora modra<\/td>\n<\/tr>\n<tr>\n<td>3<\/td>\n<td>Bombycilla garrulus<\/td>\n<td>Bohemian Waxwing<\/td>\n<td>Jemio\u0142uszka<\/td>\n<\/tr>\n<tr>\n<td>4<\/td>\n<td>Carduelis carduelis<\/td>\n<td>European Goldfinch<\/td>\n<td>Szczygie\u0142<\/td>\n<\/tr>\n<tr>\n<td>5<\/td>\n<td>Carpodacus erythrinus<\/td>\n<td>Common Rosefinch<\/td>\n<td>Dziwonia<\/td>\n<\/tr>\n<tr>\n<td>6<\/td>\n<td>Apus apus<\/td>\n<td>Common Swift<\/td>\n<td>Je\u017cyk<\/td>\n<\/tr>\n<tr>\n<td>7<\/td>\n<td> Erithacus rubecula<\/td>\n<td>European Robin<\/td>\n<td> Rudzik<\/td>\n<\/tr>\n<tr>\n<td>8<\/td>\n<td> Pyrrhula pyrrhula<\/td>\n<td> Eurasian Bullfinch<\/td>\n<td> Gil<\/td>\n<\/tr>\n<tr>\n<td>9<\/td>\n<td> Garrulus glandarius<\/td>\n<td> Eurasian Jay<\/td>\n<td> S\u00f3jka<\/td>\n<\/tr>\n<tr>\n<td>10<\/td>\n<td> Carduelis spinus<\/td>\n<td> Eurasian Siskin<\/td>\n<td> Czy\u017c<\/td>\n<\/tr>\n<tr>\n<td>11<\/td>\n<td> Passer domesticus<\/td>\n<td> House Sparrow<\/td>\n<td> Wr\u00f3bel domowy<\/td>\n<\/tr>\n<tr>\n<td>12<\/td>\n<td> Sturnus vulgaris<\/td>\n<td> Common Starling<\/td>\n<td> Szpak<\/td>\n<\/tr>\n<tr>\n<td>13<\/td>\n<td>Turdus pilaris<\/td>\n<td>Fieldfare<\/td>\n<td>Kwiczo\u0142<\/td>\n<\/tr>\n<tr>\n<td>14<\/td>\n<td>Carduelis cannabina<\/td>\n<td>Linnet<\/td>\n<td>Makol\u0105gwa<\/td>\n<\/tr>\n<tr>\n<td>15<\/td>\n<td>Anas platyrhynchos<\/td>\n<td>Mallard<\/td>\n<td>Kaczka krzy\u017c\u00f3wka &#8211; kaczor<\/td>\n<\/tr>\n<tr>\n<td>16<\/td>\n<td>Motacilla alba<\/td>\n<td>White Wagtail<\/td>\n<td>Pliszka szara<\/td>\n<\/tr>\n<tr>\n<td>17<\/td>\n<td>Ciconia ciconia<\/td>\n<td>White Stork<\/td>\n<td>Bocian bia\u0142y<\/td>\n<\/tr>\n<tr>\n<td>18<\/td>\n<td>Muscicapa striata<\/td>\n<td>Spotted Flycatcher<\/td>\n<td>Mucho\u0142\u00f3wka szara<\/td>\n<\/tr>\n<tr>\n<td>19<\/td>\n<td>Emberiza citrinella<\/td>\n<td>Yellowhammer<\/td>\n<td>Trznadel<\/td>\n<\/tr>\n<tr>\n<td>20<\/td>\n<td>Emberiza citrinella<\/td>\n<td>Yellowhammer<\/td>\n<td>Trznadel<\/td>\n<\/tr>\n<tr>\n<td>21<\/td>\n<td>Saxicola rubetra<\/td>\n<td>Whinchat<\/td>\n<td>Pokl\u0105skwa<\/td>\n<\/tr>\n<tr>\n<td>22<\/td>\n<td>Passer montanus<\/td>\n<td>Eurasian Tree Sparrow<\/td>\n<td>Wr\u00f3bel mazurek<\/td>\n<\/tr>\n<tr>\n<td>23<\/td>\n<td>Cygnus olor<\/td>\n<td>Mute Swan<\/td>\n<td>\u0141ab\u0119d\u017a niemy<\/td>\n<\/tr>\n<tr>\n<td>24<\/td>\n<td>Dendrocopos major<\/td>\n<td>Great Spotted Woodpecker<\/td>\n<td>Dzi\u0119cio\u0142 pstry du\u017cy<\/td>\n<\/tr>\n<tr>\n<td>25<\/td>\n<td>Dendrocopos minor<\/td>\n<td>Dzi\u0119cio\u0142 ma\u0142y<\/td>\n<td>Dzi\u0119cio\u0142ek<\/td>\n<\/tr>\n<tr>\n<td>26<\/td>\n<td>Carduelis chloris<\/td>\n<td>European Greenfinch<\/td>\n<td>Dzwoniec<\/td>\n<\/tr>\n<tr>\n<td>27<\/td>\n<td>Strix aluco<\/td>\n<td>Tawny Owl<\/td>\n<td>Puszczyk<\/td>\n<\/tr>\n<tr>\n<td>28<\/td>\n<td>Columba palumbus<\/td>\n<td>Wood Pigeon<\/td>\n<td>Go\u0142\u0105b grzywacz<\/td>\n<\/tr>\n<tr>\n<td>29<\/td>\n<td>Pica pica<\/td>\n<td>Common Magpie<\/td>\n<td>Sroka<\/td>\n<\/tr>\n<tr>\n<td>30<\/td>\n<td>Parus major<\/td>\n<td>Great Tit<\/td>\n<td>Sikora bogatka<\/td>\n<\/tr>\n<tr>\n<td>31<\/td>\n<td>Vanellus vanellus<\/td>\n<td>Northern Lapwing<\/td>\n<td>Czajka zwyczajna<\/td>\n<\/tr>\n<tr>\n<td>32<\/td>\n<td>Jynx torquilla<\/td>\n<td>Eurasian Wryneck<\/td>\n<td>Kr\u0119tog\u0142\u00f3w<\/td>\n<\/tr>\n<tr>\n<td>33<\/td>\n<td>Turdus merula<\/td>\n<td>Common Blackbird<\/td>\n<td>Kos<\/td>\n<\/tr>\n<tr>\n<td>34<\/td>\n<td>Limosa limosa<\/td>\n<td>Black-tailed Godwit<\/td>\n<td>Rycyk<\/td>\n<\/tr>\n<tr>\n<td>35<\/td>\n<td>Chroicocephalus ridibundus<\/td>\n<td>Black-headed Gull<\/td>\n<td>Mewa \u015bmieszka<\/td>\n<\/tr>\n<tr>\n<td>36<\/td>\n<td>Fringilla coelebs)<\/td>\n<td>Chaffinch<\/td>\n<td>Zi\u0119ba<\/td>\n<\/tr>\n<tr>\n<td>37<\/td>\n<td>Corvus monedula<\/td>\n<td>Eurasian Jackdaw<\/td>\n<td>Kawka zwyczajna<\/td>\n<\/tr>\n<tr>\n<td>38<\/td>\n<td>Phoenicurus ochruros<\/td>\n<td>Black Redstart<\/td>\n<td>Kopciuszek<\/td>\n<\/tr>\n<tr>\n<td>39<\/td>\n<td>Strix aluco<\/td>\n<td>Tawny Owl<\/td>\n<td>Puszczyk zwyczajny<\/td>\n<\/tr>\n<tr>\n<td>40<\/td>\n<td>Hirundo rustica<\/td>\n<td>Barn Swallow<\/td>\n<td>Jask\u00f3\u0142ka dym\u00f3wka<\/td>\n<\/tr>\n<tr>\n<td>41<\/td>\n<td>Numenius arquata<\/td>\n<td>Eurasian Curlew<\/td>\n<td>Kulik wielki<\/td>\n<\/tr>\n<tr>\n<td>42<\/td>\n<td>Grus grus<\/td>\n<td>Common Crane<\/td>\n<td>\u017buraw europejski<\/td>\n<\/tr>\n<tr>\n<td>43<\/td>\n<td>Corvus cornix<\/td>\n<td>Hooded Crow<\/td>\n<td>Wrona siwa<\/td>\n<\/tr>\n<tr>\n<td>44<\/td>\n<td>Troglodytes troglodytes<\/td>\n<td>Eurasian wren<\/td>\n<td>Strzyzyk<\/td>\n<\/tr>\n<\/tbody>\n<\/table>\n<p>[\/et_pb_text][\/et_pb_column][\/et_pb_row][\/et_pb_section]<\/p>\n","protected":false},"excerpt":{"rendered":"<p>Lista gatunk\u00f3w ptak\u00f3w z mojej kolekcji zdj\u0119\u0107 ID Nazwa \u0142aci\u0144ska Nazwa angielska Nazwa polska 1 Sitta europaea Eurasian Nuthatch Kowalik 2 Cyanistes caeruleus Blue Tit Sikora modra 3 Bombycilla garrulus Bohemian Waxwing Jemio\u0142uszka 4 Carduelis carduelis European Goldfinch Szczygie\u0142 5 Carpodacus erythrinus Common Rosefinch Dziwonia 6 Apus apus Common Swift Je\u017cyk 7 Erithacus rubecula European [&hellip;]<\/p>\n","protected":false},"author":1,"featured_media":0,"parent":12636,"menu_order":1,"comment_status":"open","ping_status":"closed","template":"","meta":{"_et_pb_use_builder":"on","_et_pb_old_content":"","_et_gb_content_width":"","footnotes":""},"class_list":["post-12641","page","type-page","status-publish","hentry"],"yoast_head":"<!-- This site is optimized with the Yoast SEO plugin v27.2 - https:\/\/yoast.com\/product\/yoast-seo-wordpress\/ -->\n<title>Lista gatunk\u00f3w ptak\u00f3w - Site of nature<\/title>\n<meta name=\"description\" content=\"Poni\u017cej znajduje si\u0119 lista ptak\u00f3w, kt\u00f3re sfotografowa\u0142em. Nie jest u\u0142o\u017cona chronologicznie. Kiedy robi\u0119 zdj\u0119cie nowemu ptakowi\" \/>\n<meta name=\"robots\" content=\"index, follow, max-snippet:-1, max-image-preview:large, max-video-preview:-1\" \/>\n<link rel=\"canonical\" href=\"https:\/\/siteofnature.com\/pl\/galeria\/ptaki\/wykaz-gatunkow-ptakow\/\" \/>\n<meta property=\"og:locale\" content=\"pl_PL\" \/>\n<meta property=\"og:type\" content=\"article\" \/>\n<meta property=\"og:title\" content=\"Lista gatunk\u00f3w ptak\u00f3w - Site of nature\" \/>\n<meta property=\"og:description\" content=\"Poni\u017cej znajduje si\u0119 lista ptak\u00f3w, kt\u00f3re sfotografowa\u0142em. Nie jest u\u0142o\u017cona chronologicznie. Kiedy robi\u0119 zdj\u0119cie nowemu ptakowi\" \/>\n<meta property=\"og:url\" content=\"https:\/\/siteofnature.com\/pl\/galeria\/ptaki\/wykaz-gatunkow-ptakow\/\" \/>\n<meta property=\"og:site_name\" content=\"Site of nature\" \/>\n<meta property=\"article:publisher\" content=\"https:\/\/www.facebook.com\/pchmur\" \/>\n<meta property=\"article:modified_time\" content=\"2023-07-16T10:59:10+00:00\" \/>\n<meta name=\"twitter:card\" content=\"summary_large_image\" \/>\n<meta name=\"twitter:label1\" content=\"Szacowany czas czytania\" \/>\n\t<meta name=\"twitter:data1\" content=\"2 minuty\" \/>\n<script type=\"application\/ld+json\" class=\"yoast-schema-graph\">{\"@context\":\"https:\/\/schema.org\",\"@graph\":[{\"@type\":\"WebPage\",\"@id\":\"https:\/\/siteofnature.com\/pl\/galeria\/ptaki\/wykaz-gatunkow-ptakow\/\",\"url\":\"https:\/\/siteofnature.com\/pl\/galeria\/ptaki\/wykaz-gatunkow-ptakow\/\",\"name\":\"Lista gatunk\u00f3w ptak\u00f3w - Site of nature\",\"isPartOf\":{\"@id\":\"https:\/\/siteofnature.com\/pl\/en\/#website\"},\"datePublished\":\"2012-03-15T14:10:59+00:00\",\"dateModified\":\"2023-07-16T10:59:10+00:00\",\"description\":\"Poni\u017cej znajduje si\u0119 lista ptak\u00f3w, kt\u00f3re sfotografowa\u0142em. Nie jest u\u0142o\u017cona chronologicznie. Kiedy robi\u0119 zdj\u0119cie nowemu ptakowi\",\"breadcrumb\":{\"@id\":\"https:\/\/siteofnature.com\/pl\/galeria\/ptaki\/wykaz-gatunkow-ptakow\/#breadcrumb\"},\"inLanguage\":\"pl-PL\",\"potentialAction\":[{\"@type\":\"ReadAction\",\"target\":[\"https:\/\/siteofnature.com\/pl\/galeria\/ptaki\/wykaz-gatunkow-ptakow\/\"]}]},{\"@type\":\"BreadcrumbList\",\"@id\":\"https:\/\/siteofnature.com\/pl\/galeria\/ptaki\/wykaz-gatunkow-ptakow\/#breadcrumb\",\"itemListElement\":[{\"@type\":\"ListItem\",\"position\":1,\"name\":\"Home\",\"item\":\"https:\/\/siteofnature.com\/pl\/home\/\"},{\"@type\":\"ListItem\",\"position\":2,\"name\":\"Galeria\",\"item\":\"https:\/\/siteofnature.com\/pl\/galeria\/\"},{\"@type\":\"ListItem\",\"position\":3,\"name\":\"Ptaki\",\"item\":\"https:\/\/siteofnature.com\/pl\/galeria\/ptaki\/\"},{\"@type\":\"ListItem\",\"position\":4,\"name\":\"Lista gatunk\u00f3w ptak\u00f3w\"}]},{\"@type\":\"WebSite\",\"@id\":\"https:\/\/siteofnature.com\/pl\/en\/#website\",\"url\":\"https:\/\/siteofnature.com\/pl\/en\/\",\"name\":\"Site of nature\",\"description\":\"my observations and photos of nature in my area\",\"publisher\":{\"@id\":\"https:\/\/siteofnature.com\/pl\/en\/#\/schema\/person\/5ed3d9d3b6bef0c7d37023966e2c0d66\"},\"alternateName\":\"about nature\",\"potentialAction\":[{\"@type\":\"SearchAction\",\"target\":{\"@type\":\"EntryPoint\",\"urlTemplate\":\"https:\/\/siteofnature.com\/pl\/en\/?s={search_term_string}\"},\"query-input\":{\"@type\":\"PropertyValueSpecification\",\"valueRequired\":true,\"valueName\":\"search_term_string\"}}],\"inLanguage\":\"pl-PL\"},{\"@type\":[\"Person\",\"Organization\"],\"@id\":\"https:\/\/siteofnature.com\/pl\/en\/#\/schema\/person\/5ed3d9d3b6bef0c7d37023966e2c0d66\",\"name\":\"Pawe\u0142 Chmur\",\"image\":{\"@type\":\"ImageObject\",\"inLanguage\":\"pl-PL\",\"@id\":\"https:\/\/siteofnature.com\/wp-content\/uploads\/2021\/01\/1625770_1074626285927938_5128424736839005493_n.jpg\",\"url\":\"https:\/\/siteofnature.com\/wp-content\/uploads\/2021\/01\/1625770_1074626285927938_5128424736839005493_n.jpg\",\"contentUrl\":\"https:\/\/siteofnature.com\/wp-content\/uploads\/2021\/01\/1625770_1074626285927938_5128424736839005493_n.jpg\",\"width\":524,\"height\":524,\"caption\":\"Pawe\u0142 Chmur\"},\"logo\":{\"@id\":\"https:\/\/siteofnature.com\/wp-content\/uploads\/2021\/01\/1625770_1074626285927938_5128424736839005493_n.jpg\"},\"sameAs\":[\"https:\/\/siteofnature.com\",\"https:\/\/www.facebook.com\/pchmur\"]}]}<\/script>\n<!-- \/ Yoast SEO plugin. -->","yoast_head_json":{"title":"Lista gatunk\u00f3w ptak\u00f3w - Site of nature","description":"Poni\u017cej znajduje si\u0119 lista ptak\u00f3w, kt\u00f3re sfotografowa\u0142em. Nie jest u\u0142o\u017cona chronologicznie. Kiedy robi\u0119 zdj\u0119cie nowemu ptakowi","robots":{"index":"index","follow":"follow","max-snippet":"max-snippet:-1","max-image-preview":"max-image-preview:large","max-video-preview":"max-video-preview:-1"},"canonical":"https:\/\/siteofnature.com\/pl\/galeria\/ptaki\/wykaz-gatunkow-ptakow\/","og_locale":"pl_PL","og_type":"article","og_title":"Lista gatunk\u00f3w ptak\u00f3w - Site of nature","og_description":"Poni\u017cej znajduje si\u0119 lista ptak\u00f3w, kt\u00f3re sfotografowa\u0142em. Nie jest u\u0142o\u017cona chronologicznie. Kiedy robi\u0119 zdj\u0119cie nowemu ptakowi","og_url":"https:\/\/siteofnature.com\/pl\/galeria\/ptaki\/wykaz-gatunkow-ptakow\/","og_site_name":"Site of nature","article_publisher":"https:\/\/www.facebook.com\/pchmur","article_modified_time":"2023-07-16T10:59:10+00:00","twitter_card":"summary_large_image","twitter_misc":{"Szacowany czas czytania":"2 minuty"},"schema":{"@context":"https:\/\/schema.org","@graph":[{"@type":"WebPage","@id":"https:\/\/siteofnature.com\/pl\/galeria\/ptaki\/wykaz-gatunkow-ptakow\/","url":"https:\/\/siteofnature.com\/pl\/galeria\/ptaki\/wykaz-gatunkow-ptakow\/","name":"Lista gatunk\u00f3w ptak\u00f3w - Site of nature","isPartOf":{"@id":"https:\/\/siteofnature.com\/pl\/en\/#website"},"datePublished":"2012-03-15T14:10:59+00:00","dateModified":"2023-07-16T10:59:10+00:00","description":"Poni\u017cej znajduje si\u0119 lista ptak\u00f3w, kt\u00f3re sfotografowa\u0142em. Nie jest u\u0142o\u017cona chronologicznie. Kiedy robi\u0119 zdj\u0119cie nowemu ptakowi","breadcrumb":{"@id":"https:\/\/siteofnature.com\/pl\/galeria\/ptaki\/wykaz-gatunkow-ptakow\/#breadcrumb"},"inLanguage":"pl-PL","potentialAction":[{"@type":"ReadAction","target":["https:\/\/siteofnature.com\/pl\/galeria\/ptaki\/wykaz-gatunkow-ptakow\/"]}]},{"@type":"BreadcrumbList","@id":"https:\/\/siteofnature.com\/pl\/galeria\/ptaki\/wykaz-gatunkow-ptakow\/#breadcrumb","itemListElement":[{"@type":"ListItem","position":1,"name":"Home","item":"https:\/\/siteofnature.com\/pl\/home\/"},{"@type":"ListItem","position":2,"name":"Galeria","item":"https:\/\/siteofnature.com\/pl\/galeria\/"},{"@type":"ListItem","position":3,"name":"Ptaki","item":"https:\/\/siteofnature.com\/pl\/galeria\/ptaki\/"},{"@type":"ListItem","position":4,"name":"Lista gatunk\u00f3w ptak\u00f3w"}]},{"@type":"WebSite","@id":"https:\/\/siteofnature.com\/pl\/en\/#website","url":"https:\/\/siteofnature.com\/pl\/en\/","name":"Site of nature","description":"my observations and photos of nature in my area","publisher":{"@id":"https:\/\/siteofnature.com\/pl\/en\/#\/schema\/person\/5ed3d9d3b6bef0c7d37023966e2c0d66"},"alternateName":"about nature","potentialAction":[{"@type":"SearchAction","target":{"@type":"EntryPoint","urlTemplate":"https:\/\/siteofnature.com\/pl\/en\/?s={search_term_string}"},"query-input":{"@type":"PropertyValueSpecification","valueRequired":true,"valueName":"search_term_string"}}],"inLanguage":"pl-PL"},{"@type":["Person","Organization"],"@id":"https:\/\/siteofnature.com\/pl\/en\/#\/schema\/person\/5ed3d9d3b6bef0c7d37023966e2c0d66","name":"Pawe\u0142 Chmur","image":{"@type":"ImageObject","inLanguage":"pl-PL","@id":"https:\/\/siteofnature.com\/wp-content\/uploads\/2021\/01\/1625770_1074626285927938_5128424736839005493_n.jpg","url":"https:\/\/siteofnature.com\/wp-content\/uploads\/2021\/01\/1625770_1074626285927938_5128424736839005493_n.jpg","contentUrl":"https:\/\/siteofnature.com\/wp-content\/uploads\/2021\/01\/1625770_1074626285927938_5128424736839005493_n.jpg","width":524,"height":524,"caption":"Pawe\u0142 Chmur"},"logo":{"@id":"https:\/\/siteofnature.com\/wp-content\/uploads\/2021\/01\/1625770_1074626285927938_5128424736839005493_n.jpg"},"sameAs":["https:\/\/siteofnature.com","https:\/\/www.facebook.com\/pchmur"]}]}},"_links":{"self":[{"href":"https:\/\/siteofnature.com\/pl\/wp-json\/wp\/v2\/pages\/12641","targetHints":{"allow":["GET"]}}],"collection":[{"href":"https:\/\/siteofnature.com\/pl\/wp-json\/wp\/v2\/pages"}],"about":[{"href":"https:\/\/siteofnature.com\/pl\/wp-json\/wp\/v2\/types\/page"}],"author":[{"embeddable":true,"href":"https:\/\/siteofnature.com\/pl\/wp-json\/wp\/v2\/users\/1"}],"replies":[{"embeddable":true,"href":"https:\/\/siteofnature.com\/pl\/wp-json\/wp\/v2\/comments?post=12641"}],"version-history":[{"count":3,"href":"https:\/\/siteofnature.com\/pl\/wp-json\/wp\/v2\/pages\/12641\/revisions"}],"predecessor-version":[{"id":17237,"href":"https:\/\/siteofnature.com\/pl\/wp-json\/wp\/v2\/pages\/12641\/revisions\/17237"}],"up":[{"embeddable":true,"href":"https:\/\/siteofnature.com\/pl\/wp-json\/wp\/v2\/pages\/12636"}],"wp:attachment":[{"href":"https:\/\/siteofnature.com\/pl\/wp-json\/wp\/v2\/media?parent=12641"}],"curies":[{"name":"wp","href":"https:\/\/api.w.org\/{rel}","templated":true}]}}