{"id":12655,"date":"2012-03-19T16:21:34","date_gmt":"2012-03-19T17:21:34","guid":{"rendered":"https:\/\/siteofnature.com\/galeria\/grzyby\/wykaz-gatunkow-grzybow\/"},"modified":"2023-07-16T10:50:06","modified_gmt":"2023-07-16T11:50:06","slug":"wykaz-gatunkow-grzybow","status":"publish","type":"page","link":"https:\/\/siteofnature.com\/pl\/galeria\/grzyby\/wykaz-gatunkow-grzybow\/","title":{"rendered":"Wykaz gatunk\u00f3w grzyb\u00f3w"},"content":{"rendered":"<p>[et_pb_section fb_built=&#8221;1&#8243; _builder_version=&#8221;3.22&#8243; global_colors_info=&#8221;{}&#8221;][et_pb_row _builder_version=&#8221;3.25&#8243; background_size=&#8221;initial&#8221; background_position=&#8221;top_left&#8221; background_repeat=&#8221;repeat&#8221; global_colors_info=&#8221;{}&#8221;][et_pb_column type=&#8221;4_4&#8243; _builder_version=&#8221;3.25&#8243; custom_padding=&#8221;|||&#8221; global_colors_info=&#8221;{}&#8221; custom_padding__hover=&#8221;|||&#8221;][et_pb_text _builder_version=&#8221;4.14.7&#8243; background_size=&#8221;initial&#8221; background_position=&#8221;top_left&#8221; background_repeat=&#8221;repeat&#8221; hover_enabled=&#8221;0&#8243; global_colors_info=&#8221;{}&#8221; sticky_enabled=&#8221;0&#8243;]<\/p>\n<h2> Lista gatunk\u00f3w grzyb\u00f3w z mojej kolekcji zdj\u0119\u0107<\/h2>\n<p>[\/et_pb_text][et_pb_tabs _builder_version=&#8221;4.14.7&#8243; _module_preset=&#8221;default&#8221; hover_enabled=&#8221;0&#8243; sticky_enabled=&#8221;0&#8243;][et_pb_tab _builder_version=&#8221;4.14.7&#8243; _module_preset=&#8221;default&#8221; hover_enabled=&#8221;0&#8243; sticky_enabled=&#8221;0&#8243;]<\/p>\n<table id=\"t01\">\n<tbody>\n<tr>\n<th>ID<\/th>\n<th>Nazwa \u0142aci\u0144ska<\/th>\n<th>Nazwa angielska<\/th>\n<th>Nazwa polska<\/th>\n<\/tr>\n<tr>\n<td>1<\/td>\n<td>Macrolepiota procera<\/td>\n<td>Parasol mushroom<\/td>\n<td>Kania<\/td>\n<\/tr>\n<tr>\n<td>2<\/td>\n<td>Boletus edulis<\/td>\n<td>Penny Bun<\/td>\n<td>Prawdziwek<\/td>\n<\/tr>\n<tr>\n<td>3<\/td>\n<td>Laetiporus sulphureus<\/td>\n<td>Sulphur Shelf<\/td>\n<td>\u017c\u00f3\u0142ciak siarkowy<\/td>\n<\/tr>\n<tr>\n<td>4<\/td>\n<td>Psathyrella hydrophila<\/td>\n<td>none<\/td>\n<td>kruchaweczka wilgotna<\/td>\n<\/tr>\n<tr>\n<td>5<\/td>\n<td>Boletus badius<\/td>\n<td>Bay bolete<\/td>\n<td>borowik brunatny-podgrzybek<\/td>\n<\/tr>\n<tr>\n<td>6<\/td>\n<td>Artomyces pyxidatus<\/td>\n<td>Crown Coral<\/td>\n<td>\u015awiecznica rozga\u0142\u0119ziona<\/td>\n<\/tr>\n<tr>\n<td>7<\/td>\n<td>Coprinus_Comatus<\/td>\n<td>Shaggy Ink Cap<\/td>\n<td>Czernid\u0142ak ko\u0142pakowaty<\/td>\n<\/tr>\n<tr>\n<td>8<\/td>\n<td>Tricholoma portentosum<\/td>\n<td>Charbonnier<\/td>\n<td>G\u0105ska siwka<\/td>\n<\/tr>\n<tr>\n<td>9<\/td>\n<td>Polyporus ciliatus<\/td>\n<td>Fringed Polypore<\/td>\n<td>\u017cagiew orz\u0119siona<\/td>\n<\/tr>\n<tr>\n<td>10<\/td>\n<td>Mycena galopus<\/td>\n<td>Bonnet<\/td>\n<td>grzyb\u00f3wka mleczajowa<\/td>\n<\/tr>\n<tr>\n<td>11<\/td>\n<td>Hypholoma fasciculare<\/td>\n<td>Sulphur Tuft<\/td>\n<td>Ma\u015blanka wi\u0105zkowa<\/td>\n<\/tr>\n<tr>\n<td>12<\/td>\n<td>Leccinum aurantiacum<\/td>\n<td>red-capped scaber stalk<\/td>\n<td>Ko\u017alarz czerwony<\/td>\n<\/tr>\n<tr>\n<td>13<\/td>\n<td>Merulius tremellosus<\/td>\n<td>none<\/td>\n<td>Strocznik trz\u0119sakowaty<\/td>\n<\/tr>\n<tr>\n<td>14<\/td>\n<td>Rozites caperatus<\/td>\n<td>Gypsy Mushroom<\/td>\n<td>Zas\u0142onak ko\u0142pakowaty<\/td>\n<\/tr>\n<tr>\n<td>15<\/td>\n<td>Amanita muscaria<\/td>\n<td>Fly agaric<\/td>\n<td>Muchomor czerwony<\/td>\n<\/tr>\n<tr>\n<td>16<\/td>\n<td>Suillus bovinus<\/td>\n<td>Jersey cow mushroom<\/td>\n<td>ma\u015blak sitarz<\/td>\n<\/tr>\n<tr>\n<td>17<\/td>\n<td>Leccinum scabrum<\/td>\n<td>Birch bolete<\/td>\n<td>Ko\u017alarz babka<\/td>\n<\/tr>\n<tr>\n<td>18<\/td>\n<td>Phallus impudicus<\/td>\n<td>Common stinkhorn<\/td>\n<td>Sromotnik bezwstydny<\/td>\n<\/tr>\n<tr>\n<td>19<\/td>\n<td>Armillaria mellea<\/td>\n<td>honey mushroom<\/td>\n<td>opie\u0144ka miodowa w\u0142a\u015bciwa<\/td>\n<\/tr>\n<tr>\n<td>20<\/td>\n<td>Trametes versicolor<\/td>\n<td>turkey tail<\/td>\n<td>Wro\u015bniak r\u00f3\u017cnobarwny<\/td>\n<\/tr>\n<tr>\n<td>21<\/td>\n<td>Amanita regalis<\/td>\n<td>royal fly agaric<\/td>\n<td>Muchomor kr\u00f3lewski<\/td>\n<\/tr>\n<tr>\n<td>22<\/td>\n<td>Russula vinosa<\/td>\n<td>Russula<\/td>\n<td>go\u0142\u0105bek winnoczerwony<\/td>\n<\/tr>\n<tr>\n<td>23<\/td>\n<td>Sarcoscypha austriaca<\/td>\n<td>scarlet cup<\/td>\n<td>Czarka austriacka<\/td>\n<\/tr>\n<tr>\n<td>24<\/td>\n<td>Russula paludosa<\/td>\n<td>rusalla<\/td>\n<td>Go\u0142\u0105bek b\u0142otny<\/td>\n<\/tr>\n<tr>\n<td>25<\/td>\n<td>Lactarius deliciosus<\/td>\n<td>Saffron milk cap<\/td>\n<td>Mleczaj rydz<\/td>\n<\/tr>\n<tr>\n<td>26<\/td>\n<td>Bovista plumbea<\/td>\n<td>paltry puffball<\/td>\n<td>kurzawka o\u0142owiana<\/td>\n<\/tr>\n<tr>\n<td>27<\/td>\n<td>Suillus luteus<\/td>\n<td>sticky bun<\/td>\n<td>Ma\u015blak zwyczajny<\/td>\n<\/tr>\n<tr>\n<td>28<\/td>\n<td>Russula mustelina<\/td>\n<td>none<\/td>\n<td>go\u0142\u0105bek kunowy<\/td>\n<\/tr>\n<tr>\n<td>29<\/td>\n<td>Gymnopilus junonius<\/td>\n<td>laughing gym<\/td>\n<td>\u0142ysak wspania\u0142y<\/td>\n<\/tr>\n<tr>\n<td>30<\/td>\n<td>Infundibulicybe geotropa<\/td>\n<td>Monk&#8217;s head<\/td>\n<td>Lejk\u00f3wka mi\u0119sista<\/td>\n<\/tr>\n<tr>\n<td>31<\/td>\n<td>Cantharellus cibarius<\/td>\n<td>Chanterelle<\/td>\n<td>Pieprznik jadalny (kurka)<\/td>\n<\/tr>\n<tr>\n<td>32<\/td>\n<td>Lactarius torminosus<\/td>\n<td>Woolly milkcap<\/td>\n<td>Mleczaj we\u0142nianka<\/td>\n<\/tr>\n<tr>\n<td>33<\/td>\n<td>Cladonia fimbriata<\/td>\n<td>Podetia grey-green<\/td>\n<td>Chrobotek strz\u0119piasty<\/td>\n<\/tr>\n<\/tbody>\n<\/table>\n<p>[\/et_pb_tab][\/et_pb_tabs][\/et_pb_column][\/et_pb_row][\/et_pb_section]<\/p>\n","protected":false},"excerpt":{"rendered":"<p>Lista gatunk\u00f3w grzyb\u00f3w z mojej kolekcji zdj\u0119\u0107 ID Nazwa \u0142aci\u0144ska Nazwa angielska Nazwa polska 1 Macrolepiota procera Parasol mushroom Kania 2 Boletus edulis Penny Bun Prawdziwek 3 Laetiporus sulphureus Sulphur Shelf \u017c\u00f3\u0142ciak siarkowy 4 Psathyrella hydrophila none kruchaweczka wilgotna 5 Boletus badius Bay bolete borowik brunatny-podgrzybek 6 Artomyces pyxidatus Crown Coral \u015awiecznica rozga\u0142\u0119ziona 7 Coprinus_Comatus [&hellip;]<\/p>\n","protected":false},"author":1,"featured_media":0,"parent":12648,"menu_order":0,"comment_status":"open","ping_status":"closed","template":"","meta":{"_et_pb_use_builder":"on","_et_pb_old_content":"","_et_gb_content_width":"","footnotes":""},"class_list":["post-12655","page","type-page","status-publish","hentry"],"yoast_head":"<!-- This site is optimized with the Yoast SEO plugin v27.2 - https:\/\/yoast.com\/product\/yoast-seo-wordpress\/ -->\n<title>Wykaz gatunk\u00f3w grzyb\u00f3w - Site of nature<\/title>\n<meta name=\"description\" content=\"Liczba gatunk\u00f3w grzyb\u00f3w jest ogromna. Moja lista dotyczy grzyb\u00f3w, kt\u00f3re zbieramy, i grzyb\u00f3w, kt\u00f3rych nie powinni\u015bmy zbiera\u0107.\" \/>\n<meta name=\"robots\" content=\"index, follow, max-snippet:-1, max-image-preview:large, max-video-preview:-1\" \/>\n<link rel=\"canonical\" href=\"https:\/\/siteofnature.com\/pl\/galeria\/grzyby\/wykaz-gatunkow-grzybow\/\" \/>\n<meta property=\"og:locale\" content=\"pl_PL\" \/>\n<meta property=\"og:type\" content=\"article\" \/>\n<meta property=\"og:title\" content=\"Wykaz gatunk\u00f3w grzyb\u00f3w - Site of nature\" \/>\n<meta property=\"og:description\" content=\"Liczba gatunk\u00f3w grzyb\u00f3w jest ogromna. Moja lista dotyczy grzyb\u00f3w, kt\u00f3re zbieramy, i grzyb\u00f3w, kt\u00f3rych nie powinni\u015bmy zbiera\u0107.\" \/>\n<meta property=\"og:url\" content=\"https:\/\/siteofnature.com\/pl\/galeria\/grzyby\/wykaz-gatunkow-grzybow\/\" \/>\n<meta property=\"og:site_name\" content=\"Site of nature\" \/>\n<meta property=\"article:publisher\" content=\"https:\/\/www.facebook.com\/pchmur\" \/>\n<meta property=\"article:modified_time\" content=\"2023-07-16T11:50:06+00:00\" \/>\n<meta name=\"twitter:card\" content=\"summary_large_image\" \/>\n<meta name=\"twitter:label1\" content=\"Szacowany czas czytania\" \/>\n\t<meta name=\"twitter:data1\" content=\"2 minuty\" \/>\n<script type=\"application\/ld+json\" class=\"yoast-schema-graph\">{\"@context\":\"https:\/\/schema.org\",\"@graph\":[{\"@type\":\"WebPage\",\"@id\":\"https:\/\/siteofnature.com\/pl\/galeria\/grzyby\/wykaz-gatunkow-grzybow\/\",\"url\":\"https:\/\/siteofnature.com\/pl\/galeria\/grzyby\/wykaz-gatunkow-grzybow\/\",\"name\":\"Wykaz gatunk\u00f3w grzyb\u00f3w - Site of nature\",\"isPartOf\":{\"@id\":\"https:\/\/siteofnature.com\/pl\/en\/#website\"},\"datePublished\":\"2012-03-19T17:21:34+00:00\",\"dateModified\":\"2023-07-16T11:50:06+00:00\",\"description\":\"Liczba gatunk\u00f3w grzyb\u00f3w jest ogromna. Moja lista dotyczy grzyb\u00f3w, kt\u00f3re zbieramy, i grzyb\u00f3w, kt\u00f3rych nie powinni\u015bmy zbiera\u0107.\",\"breadcrumb\":{\"@id\":\"https:\/\/siteofnature.com\/pl\/galeria\/grzyby\/wykaz-gatunkow-grzybow\/#breadcrumb\"},\"inLanguage\":\"pl-PL\",\"potentialAction\":[{\"@type\":\"ReadAction\",\"target\":[\"https:\/\/siteofnature.com\/pl\/galeria\/grzyby\/wykaz-gatunkow-grzybow\/\"]}]},{\"@type\":\"BreadcrumbList\",\"@id\":\"https:\/\/siteofnature.com\/pl\/galeria\/grzyby\/wykaz-gatunkow-grzybow\/#breadcrumb\",\"itemListElement\":[{\"@type\":\"ListItem\",\"position\":1,\"name\":\"Home\",\"item\":\"https:\/\/siteofnature.com\/pl\/home\/\"},{\"@type\":\"ListItem\",\"position\":2,\"name\":\"Galeria\",\"item\":\"https:\/\/siteofnature.com\/pl\/galeria\/\"},{\"@type\":\"ListItem\",\"position\":3,\"name\":\"Grzyby\",\"item\":\"https:\/\/siteofnature.com\/pl\/galeria\/grzyby\/\"},{\"@type\":\"ListItem\",\"position\":4,\"name\":\"Wykaz gatunk\u00f3w grzyb\u00f3w\"}]},{\"@type\":\"WebSite\",\"@id\":\"https:\/\/siteofnature.com\/pl\/en\/#website\",\"url\":\"https:\/\/siteofnature.com\/pl\/en\/\",\"name\":\"Site of nature\",\"description\":\"my observations and photos of nature in my area\",\"publisher\":{\"@id\":\"https:\/\/siteofnature.com\/pl\/en\/#\/schema\/person\/5ed3d9d3b6bef0c7d37023966e2c0d66\"},\"alternateName\":\"about nature\",\"potentialAction\":[{\"@type\":\"SearchAction\",\"target\":{\"@type\":\"EntryPoint\",\"urlTemplate\":\"https:\/\/siteofnature.com\/pl\/en\/?s={search_term_string}\"},\"query-input\":{\"@type\":\"PropertyValueSpecification\",\"valueRequired\":true,\"valueName\":\"search_term_string\"}}],\"inLanguage\":\"pl-PL\"},{\"@type\":[\"Person\",\"Organization\"],\"@id\":\"https:\/\/siteofnature.com\/pl\/en\/#\/schema\/person\/5ed3d9d3b6bef0c7d37023966e2c0d66\",\"name\":\"Pawe\u0142 Chmur\",\"image\":{\"@type\":\"ImageObject\",\"inLanguage\":\"pl-PL\",\"@id\":\"https:\/\/siteofnature.com\/wp-content\/uploads\/2021\/01\/1625770_1074626285927938_5128424736839005493_n.jpg\",\"url\":\"https:\/\/siteofnature.com\/wp-content\/uploads\/2021\/01\/1625770_1074626285927938_5128424736839005493_n.jpg\",\"contentUrl\":\"https:\/\/siteofnature.com\/wp-content\/uploads\/2021\/01\/1625770_1074626285927938_5128424736839005493_n.jpg\",\"width\":524,\"height\":524,\"caption\":\"Pawe\u0142 Chmur\"},\"logo\":{\"@id\":\"https:\/\/siteofnature.com\/wp-content\/uploads\/2021\/01\/1625770_1074626285927938_5128424736839005493_n.jpg\"},\"sameAs\":[\"https:\/\/siteofnature.com\",\"https:\/\/www.facebook.com\/pchmur\"]}]}<\/script>\n<!-- \/ Yoast SEO plugin. -->","yoast_head_json":{"title":"Wykaz gatunk\u00f3w grzyb\u00f3w - Site of nature","description":"Liczba gatunk\u00f3w grzyb\u00f3w jest ogromna. Moja lista dotyczy grzyb\u00f3w, kt\u00f3re zbieramy, i grzyb\u00f3w, kt\u00f3rych nie powinni\u015bmy zbiera\u0107.","robots":{"index":"index","follow":"follow","max-snippet":"max-snippet:-1","max-image-preview":"max-image-preview:large","max-video-preview":"max-video-preview:-1"},"canonical":"https:\/\/siteofnature.com\/pl\/galeria\/grzyby\/wykaz-gatunkow-grzybow\/","og_locale":"pl_PL","og_type":"article","og_title":"Wykaz gatunk\u00f3w grzyb\u00f3w - Site of nature","og_description":"Liczba gatunk\u00f3w grzyb\u00f3w jest ogromna. Moja lista dotyczy grzyb\u00f3w, kt\u00f3re zbieramy, i grzyb\u00f3w, kt\u00f3rych nie powinni\u015bmy zbiera\u0107.","og_url":"https:\/\/siteofnature.com\/pl\/galeria\/grzyby\/wykaz-gatunkow-grzybow\/","og_site_name":"Site of nature","article_publisher":"https:\/\/www.facebook.com\/pchmur","article_modified_time":"2023-07-16T11:50:06+00:00","twitter_card":"summary_large_image","twitter_misc":{"Szacowany czas czytania":"2 minuty"},"schema":{"@context":"https:\/\/schema.org","@graph":[{"@type":"WebPage","@id":"https:\/\/siteofnature.com\/pl\/galeria\/grzyby\/wykaz-gatunkow-grzybow\/","url":"https:\/\/siteofnature.com\/pl\/galeria\/grzyby\/wykaz-gatunkow-grzybow\/","name":"Wykaz gatunk\u00f3w grzyb\u00f3w - Site of nature","isPartOf":{"@id":"https:\/\/siteofnature.com\/pl\/en\/#website"},"datePublished":"2012-03-19T17:21:34+00:00","dateModified":"2023-07-16T11:50:06+00:00","description":"Liczba gatunk\u00f3w grzyb\u00f3w jest ogromna. Moja lista dotyczy grzyb\u00f3w, kt\u00f3re zbieramy, i grzyb\u00f3w, kt\u00f3rych nie powinni\u015bmy zbiera\u0107.","breadcrumb":{"@id":"https:\/\/siteofnature.com\/pl\/galeria\/grzyby\/wykaz-gatunkow-grzybow\/#breadcrumb"},"inLanguage":"pl-PL","potentialAction":[{"@type":"ReadAction","target":["https:\/\/siteofnature.com\/pl\/galeria\/grzyby\/wykaz-gatunkow-grzybow\/"]}]},{"@type":"BreadcrumbList","@id":"https:\/\/siteofnature.com\/pl\/galeria\/grzyby\/wykaz-gatunkow-grzybow\/#breadcrumb","itemListElement":[{"@type":"ListItem","position":1,"name":"Home","item":"https:\/\/siteofnature.com\/pl\/home\/"},{"@type":"ListItem","position":2,"name":"Galeria","item":"https:\/\/siteofnature.com\/pl\/galeria\/"},{"@type":"ListItem","position":3,"name":"Grzyby","item":"https:\/\/siteofnature.com\/pl\/galeria\/grzyby\/"},{"@type":"ListItem","position":4,"name":"Wykaz gatunk\u00f3w grzyb\u00f3w"}]},{"@type":"WebSite","@id":"https:\/\/siteofnature.com\/pl\/en\/#website","url":"https:\/\/siteofnature.com\/pl\/en\/","name":"Site of nature","description":"my observations and photos of nature in my area","publisher":{"@id":"https:\/\/siteofnature.com\/pl\/en\/#\/schema\/person\/5ed3d9d3b6bef0c7d37023966e2c0d66"},"alternateName":"about nature","potentialAction":[{"@type":"SearchAction","target":{"@type":"EntryPoint","urlTemplate":"https:\/\/siteofnature.com\/pl\/en\/?s={search_term_string}"},"query-input":{"@type":"PropertyValueSpecification","valueRequired":true,"valueName":"search_term_string"}}],"inLanguage":"pl-PL"},{"@type":["Person","Organization"],"@id":"https:\/\/siteofnature.com\/pl\/en\/#\/schema\/person\/5ed3d9d3b6bef0c7d37023966e2c0d66","name":"Pawe\u0142 Chmur","image":{"@type":"ImageObject","inLanguage":"pl-PL","@id":"https:\/\/siteofnature.com\/wp-content\/uploads\/2021\/01\/1625770_1074626285927938_5128424736839005493_n.jpg","url":"https:\/\/siteofnature.com\/wp-content\/uploads\/2021\/01\/1625770_1074626285927938_5128424736839005493_n.jpg","contentUrl":"https:\/\/siteofnature.com\/wp-content\/uploads\/2021\/01\/1625770_1074626285927938_5128424736839005493_n.jpg","width":524,"height":524,"caption":"Pawe\u0142 Chmur"},"logo":{"@id":"https:\/\/siteofnature.com\/wp-content\/uploads\/2021\/01\/1625770_1074626285927938_5128424736839005493_n.jpg"},"sameAs":["https:\/\/siteofnature.com","https:\/\/www.facebook.com\/pchmur"]}]}},"_links":{"self":[{"href":"https:\/\/siteofnature.com\/pl\/wp-json\/wp\/v2\/pages\/12655","targetHints":{"allow":["GET"]}}],"collection":[{"href":"https:\/\/siteofnature.com\/pl\/wp-json\/wp\/v2\/pages"}],"about":[{"href":"https:\/\/siteofnature.com\/pl\/wp-json\/wp\/v2\/types\/page"}],"author":[{"embeddable":true,"href":"https:\/\/siteofnature.com\/pl\/wp-json\/wp\/v2\/users\/1"}],"replies":[{"embeddable":true,"href":"https:\/\/siteofnature.com\/pl\/wp-json\/wp\/v2\/comments?post=12655"}],"version-history":[{"count":5,"href":"https:\/\/siteofnature.com\/pl\/wp-json\/wp\/v2\/pages\/12655\/revisions"}],"predecessor-version":[{"id":17336,"href":"https:\/\/siteofnature.com\/pl\/wp-json\/wp\/v2\/pages\/12655\/revisions\/17336"}],"up":[{"embeddable":true,"href":"https:\/\/siteofnature.com\/pl\/wp-json\/wp\/v2\/pages\/12648"}],"wp:attachment":[{"href":"https:\/\/siteofnature.com\/pl\/wp-json\/wp\/v2\/media?parent=12655"}],"curies":[{"name":"wp","href":"https:\/\/api.w.org\/{rel}","templated":true}]}}